{"id":1239,"date":"2022-04-12T15:02:35","date_gmt":"2022-04-12T13:02:35","guid":{"rendered":"http:\/\/evolutiongroup.digital\/empresa\/contacta-con-nosotros\/"},"modified":"2026-01-20T10:55:34","modified_gmt":"2026-01-20T09:55:34","slug":"contacta-con-nosotros","status":"publish","type":"page","link":"https:\/\/evolutiongroup.digital\/es\/empresa\/contacta-con-nosotros\/","title":{"rendered":"Contacta con Nosotros"},"content":{"rendered":"\n<div class=\"wpcf7 no-js\" id=\"wpcf7-f1286-o1\" lang=\"it-IT\" dir=\"ltr\" data-wpcf7-id=\"1286\">\n<div class=\"screen-reader-response\"><p role=\"status\" aria-live=\"polite\" aria-atomic=\"true\"><\/p> <ul><\/ul><\/div>\n<form action=\"\/es\/wp-json\/wp\/v2\/pages\/1239#wpcf7-f1286-o1\" method=\"post\" class=\"wpcf7-form init\" aria-label=\"Modulo di contatto\" novalidate=\"novalidate\" data-status=\"init\">\n<fieldset class=\"hidden-fields-container\"><input type=\"hidden\" name=\"_wpcf7\" value=\"1286\" \/><input type=\"hidden\" name=\"_wpcf7_version\" value=\"6.1.5\" \/><input type=\"hidden\" name=\"_wpcf7_locale\" value=\"it_IT\" \/><input type=\"hidden\" name=\"_wpcf7_unit_tag\" value=\"wpcf7-f1286-o1\" \/><input type=\"hidden\" name=\"_wpcf7_container_post\" value=\"0\" \/><input type=\"hidden\" name=\"_wpcf7_posted_data_hash\" value=\"\" \/><input type=\"hidden\" name=\"_wpcf7cf_hidden_group_fields\" value=\"[]\" \/><input type=\"hidden\" name=\"_wpcf7cf_hidden_groups\" value=\"[]\" \/><input type=\"hidden\" name=\"_wpcf7cf_visible_groups\" value=\"[]\" \/><input type=\"hidden\" name=\"_wpcf7cf_repeaters\" value=\"[]\" \/><input type=\"hidden\" name=\"_wpcf7cf_steps\" value=\"{}\" \/><input type=\"hidden\" name=\"_wpcf7cf_options\" value=\"{&quot;form_id&quot;:1286,&quot;conditions&quot;:[{&quot;then_field&quot;:&quot;group-publisher&quot;,&quot;and_rules&quot;:[{&quot;if_field&quot;:&quot;who-are-you&quot;,&quot;operator&quot;:&quot;equals&quot;,&quot;if_value&quot;:&quot;Editor&quot;}]},{&quot;then_field&quot;:&quot;group-advertisers&quot;,&quot;and_rules&quot;:[{&quot;if_field&quot;:&quot;who-are-you&quot;,&quot;operator&quot;:&quot;equals&quot;,&quot;if_value&quot;:&quot;Anunciante&quot;}]}],&quot;settings&quot;:{&quot;animation&quot;:&quot;no&quot;,&quot;animation_intime&quot;:&quot;200&quot;,&quot;animation_outtime&quot;:&quot;200&quot;,&quot;conditions_ui&quot;:&quot;normal&quot;,&quot;notice_dismissed&quot;:&quot;&quot;,&quot;notice_dismissed_rollback-cf7-5.6&quot;:true,&quot;notice_dismissed_update-cf7-5.9.5&quot;:true,&quot;notice_dismissed_update-cf7-5.9.8&quot;:true,&quot;notice_dismissed_update-cf7-6.0.4&quot;:true}}\" \/><input type=\"hidden\" name=\"_wpcf7_recaptcha_response\" value=\"\" \/>\n<\/fieldset>\n<div class=\"grid-50 gap-2 p-1\">\n  <label> <p>Nombre *<\/p>\n    <span class=\"wpcf7-form-control-wrap\" data-name=\"Name\"><input size=\"40\" maxlength=\"400\" class=\"wpcf7-form-control wpcf7-text wpcf7-validates-as-required\" aria-required=\"true\" aria-invalid=\"false\" placeholder=\"Nombre\" value=\"\" type=\"text\" name=\"Name\" \/><\/span> \n  <\/label>\n  <label> <p>Apellidos *<\/p>\n    <span class=\"wpcf7-form-control-wrap\" data-name=\"Surname\"><input size=\"40\" maxlength=\"400\" class=\"wpcf7-form-control wpcf7-text wpcf7-validates-as-required\" aria-required=\"true\" aria-invalid=\"false\" placeholder=\"Apellidos\" value=\"\" type=\"text\" name=\"Surname\" \/><\/span> \n  <\/label>\n<\/div>\n\n<div class=\"p-1\">\n<label> <p>\u00bfEn qu\u00e9 direcci\u00f3n de email podemos contactarte? *<\/p>\n    <span class=\"wpcf7-form-control-wrap\" data-name=\"your-email\"><input size=\"40\" maxlength=\"400\" class=\"wpcf7-form-control wpcf7-email wpcf7-validates-as-required wpcf7-text wpcf7-validates-as-email\" aria-required=\"true\" aria-invalid=\"false\" placeholder=\"Email\" value=\"\" type=\"email\" name=\"your-email\" \/><\/span> \n<\/label>\n<\/div>\n\n<div class=\"p-1\">\n <label> <p>N\u00famero de tel\u00e9fono<\/p>\n    <span class=\"wpcf7-form-control-wrap\" data-name=\"Phone\"><input size=\"40\" maxlength=\"400\" class=\"wpcf7-form-control wpcf7-tel wpcf7-text wpcf7-validates-as-tel\" aria-invalid=\"false\" placeholder=\"0123456789\" value=\"\" type=\"tel\" name=\"Phone\" \/><\/span>\n  <\/label>\n<\/div>\n\n<div class=\"p-1\">\n <label> <p>Nombre de la empresa<\/p>\n    <span class=\"wpcf7-form-control-wrap\" data-name=\"company-name\"><input size=\"40\" maxlength=\"400\" class=\"wpcf7-form-control wpcf7-text\" aria-invalid=\"false\" placeholder=\"Nombre de la empresa\" value=\"\" type=\"text\" name=\"company-name\" \/><\/span> \n  <\/label>\n<\/div>\n\n<div class=\"p-1\">\n <hr>\n<\/div>\n\n<div class=\"grid-50 gap-2 p-1\">\n <label> <p>\u00bfA qu\u00e9 te dedicas? *<\/p>\n    <span class=\"wpcf7-form-control-wrap\" data-name=\"who-are-you\"><select class=\"wpcf7-form-control wpcf7-select wpcf7-validates-as-required\" aria-required=\"true\" aria-invalid=\"false\" name=\"who-are-you\"><option value=\"\">-- Seleccione una opci\u00f3n --<\/option><option value=\"Editor\">Editor<\/option><option value=\"Anunciante\">Anunciante<\/option><option value=\"Plataforma\">Plataforma<\/option><\/select><\/span>\n  <\/label>\n   <label> <p>\u00bfD\u00f3nde est\u00e1 ubicado tu mercado?<\/p>\n    <span class=\"wpcf7-form-control-wrap\" data-name=\"market-located\"><select class=\"wpcf7-form-control wpcf7-select\" aria-invalid=\"false\" name=\"market-located\"><option value=\"\">-- Seleccione una opci\u00f3n --<\/option><option value=\"UE\">UE<\/option><option value=\"Otro\">Otro<\/option><\/select><\/span>\n  <\/label>\n<\/div>\n\n<div data-id=\"group-publisher\" data-orig_data_id=\"group-publisher\"  class=\"\" data-class=\"wpcf7cf_group\">\n<div class=\"p-1\">\n  <label> <p>P\u00e1ginas vistas mensuales *<\/p>\n    <span class=\"wpcf7-form-control-wrap\" data-name=\"pageviews\"><select class=\"wpcf7-form-control wpcf7-select wpcf7-validates-as-required\" aria-required=\"true\" aria-invalid=\"false\" name=\"pageviews\"><option value=\"\">-- Seleccione una opci\u00f3n --<\/option><option value=\"Menos de 1 mill\u00f3n\">Menos de 1 mill\u00f3n<\/option><option value=\"De 1 a 5 Millones\">De 1 a 5 Millones<\/option><option value=\"M\u00e1s de 5 millones\">M\u00e1s de 5 millones<\/option><\/select><\/span>\n  <\/label>\n<\/div>\n <\/div>\n\n<div data-id=\"group-advertisers\" data-orig_data_id=\"group-advertisers\"  class=\"\" data-class=\"wpcf7cf_group\">\n<div class=\"p-1\">\n  <label> <p>Presupuesto de planificaci\u00f3n mensual *<\/p>\n    <span class=\"wpcf7-form-control-wrap\" data-name=\"budget\"><select class=\"wpcf7-form-control wpcf7-select wpcf7-validates-as-required\" aria-required=\"true\" aria-invalid=\"false\" name=\"budget\"><option value=\"\">-- Seleccione una opci\u00f3n --<\/option><option value=\"Menos de 10K\">Menos de 10K<\/option><option value=\"Entre 10K y 20K\">Entre 10K y 20K<\/option><option value=\"M\u00e1s de 20K\">M\u00e1s de 20K<\/option><\/select><\/span>\n  <\/label>\n<\/div>\n <\/div>\n\n<div class=\"p-1\">\n <label> <p>Elige el servicio sobre el que te gustar\u00eda recibir m\u00e1s informaci\u00f3n<\/p>\n    <span class=\"wpcf7-form-control-wrap\" data-name=\"services\"><select class=\"wpcf7-form-control wpcf7-select\" aria-invalid=\"false\" name=\"services\"><option value=\"\">-- Seleccione una opci\u00f3n --<\/option><option value=\"Merlino\">Merlino<\/option><option value=\"Videoapp\">Videoapp<\/option><option value=\"Content Revolution\">Content Revolution<\/option><\/select><\/span>\n  <\/label>\n<\/div>\n\n<div class=\"p-1\">\n <hr>\n<\/div>\n\n<div class=\"p-1\">\n <label> <p>Mensaje *<\/p>\n    <span class=\"wpcf7-form-control-wrap\" data-name=\"your-message\"><textarea cols=\"40\" rows=\"10\" maxlength=\"2000\" class=\"wpcf7-form-control wpcf7-textarea wpcf7-validates-as-required\" aria-required=\"true\" aria-invalid=\"false\" placeholder=\"Mensaje\" name=\"your-message\"><\/textarea><\/span> \n<\/label>\n<\/div>\n\n<div class=\"p-1\" id=\"switch-checkbox\">\n <span class=\"wpcf7-form-control-wrap\" data-name=\"acceptance-93\"><span class=\"wpcf7-form-control wpcf7-acceptance\"><span class=\"wpcf7-list-item\"><label><input type=\"checkbox\" name=\"acceptance-93\" value=\"1\" aria-invalid=\"false\" \/><span class=\"wpcf7-list-item-label\"><p>Marcando aqu\u00ed, aceptas la  <a target=\"_blank\" href=\"http:\/\/evolutiongroup.digital\/es\/politica-de-privacidad\/\">Pol\u00edtica de privacidad<\/a> y la <a target=\"_blank\" href=\"http:\/\/evolutiongroup.digital\/es\/politica-de-cookies\/\">Pol\u00edtica de cookies.<\/a><\/p><\/span><\/label><\/span><\/span><\/span>\n<\/div>\n\n<div class=\"p-1\">\n   <input class=\"wpcf7-form-control wpcf7-submit has-spinner\" type=\"submit\" value=\"HABLEMOS\" \/>\n<\/div><div class=\"wpcf7-response-output\" aria-hidden=\"true\"><\/div>\n<\/form>\n<\/div>\n\n","protected":false},"excerpt":{"rendered":"","protected":false},"author":1,"featured_media":0,"parent":1237,"menu_order":58,"comment_status":"closed","ping_status":"closed","template":"template_page\/contact-us.php","meta":{"_acf_changed":false,"inline_featured_image":false,"footnotes":""},"class_list":["post-1239","page","type-page","status-publish","hentry"],"acf":[],"yoast_head":"<!-- This site is optimized with the Yoast SEO plugin v26.3 - https:\/\/yoast.com\/wordpress\/plugins\/seo\/ -->\n<title>Contacta con Nosotros - EVOLUTION GROUP<\/title>\n<meta name=\"robots\" content=\"index, follow, max-snippet:-1, max-image-preview:large, max-video-preview:-1\" \/>\n<link rel=\"canonical\" href=\"https:\/\/evolutiongroup.digital\/es\/empresa\/contacta-con-nosotros\/\" \/>\n<meta property=\"og:locale\" content=\"es_ES\" \/>\n<meta property=\"og:type\" content=\"article\" \/>\n<meta property=\"og:title\" content=\"Contacta con Nosotros - EVOLUTION GROUP\" \/>\n<meta property=\"og:url\" content=\"https:\/\/evolutiongroup.digital\/es\/empresa\/contacta-con-nosotros\/\" \/>\n<meta property=\"og:site_name\" content=\"EVOLUTION GROUP\" \/>\n<meta property=\"article:modified_time\" content=\"2026-01-20T09:55:34+00:00\" \/>\n<meta name=\"twitter:card\" content=\"summary_large_image\" \/>\n<meta name=\"twitter:label1\" content=\"Tiempo de lectura\" \/>\n\t<meta name=\"twitter:data1\" content=\"1 minuto\" \/>\n<script type=\"application\/ld+json\" class=\"yoast-schema-graph\">{\"@context\":\"https:\/\/schema.org\",\"@graph\":[{\"@type\":\"WebPage\",\"@id\":\"https:\/\/evolutiongroup.digital\/es\/empresa\/contacta-con-nosotros\/\",\"url\":\"https:\/\/evolutiongroup.digital\/es\/empresa\/contacta-con-nosotros\/\",\"name\":\"Contacta con Nosotros - EVOLUTION GROUP\",\"isPartOf\":{\"@id\":\"https:\/\/evolutiongroup.digital\/#website\"},\"datePublished\":\"2022-04-12T13:02:35+00:00\",\"dateModified\":\"2026-01-20T09:55:34+00:00\",\"breadcrumb\":{\"@id\":\"https:\/\/evolutiongroup.digital\/es\/empresa\/contacta-con-nosotros\/#breadcrumb\"},\"inLanguage\":\"es\",\"potentialAction\":[{\"@type\":\"ReadAction\",\"target\":[\"https:\/\/evolutiongroup.digital\/es\/empresa\/contacta-con-nosotros\/\"]}]},{\"@type\":\"BreadcrumbList\",\"@id\":\"https:\/\/evolutiongroup.digital\/es\/empresa\/contacta-con-nosotros\/#breadcrumb\",\"itemListElement\":[{\"@type\":\"ListItem\",\"position\":1,\"name\":\"Home\",\"item\":\"https:\/\/evolutiongroup.digital\/es\/\"},{\"@type\":\"ListItem\",\"position\":2,\"name\":\"EMPRESA\",\"item\":\"https:\/\/evolutiongroup.digital\/es\/empresa\/\"},{\"@type\":\"ListItem\",\"position\":3,\"name\":\"Contacta con Nosotros\"}]},{\"@type\":\"WebSite\",\"@id\":\"https:\/\/evolutiongroup.digital\/#website\",\"url\":\"https:\/\/evolutiongroup.digital\/\",\"name\":\"Evolution Group\",\"description\":\"Your Story, Your Success. TRUST\",\"publisher\":{\"@id\":\"https:\/\/evolutiongroup.digital\/#organization\"},\"alternateName\":\"Evolution Group\",\"potentialAction\":[{\"@type\":\"SearchAction\",\"target\":{\"@type\":\"EntryPoint\",\"urlTemplate\":\"https:\/\/evolutiongroup.digital\/?s={search_term_string}\"},\"query-input\":{\"@type\":\"PropertyValueSpecification\",\"valueRequired\":true,\"valueName\":\"search_term_string\"}}],\"inLanguage\":\"es\"},{\"@type\":\"Organization\",\"@id\":\"https:\/\/evolutiongroup.digital\/#organization\",\"name\":\"Evolution Group\",\"alternateName\":\"Evolution Group\",\"url\":\"https:\/\/evolutiongroup.digital\/\",\"logo\":{\"@type\":\"ImageObject\",\"inLanguage\":\"es\",\"@id\":\"https:\/\/evolutiongroup.digital\/#\/schema\/logo\/image\/\",\"url\":\"http:\/\/evolutiongroup.digital\/wp-content\/uploads\/2022\/06\/logo-evolutiongroup-black.svg\",\"contentUrl\":\"http:\/\/evolutiongroup.digital\/wp-content\/uploads\/2022\/06\/logo-evolutiongroup-black.svg\",\"width\":372,\"height\":39,\"caption\":\"Evolution Group\"},\"image\":{\"@id\":\"https:\/\/evolutiongroup.digital\/#\/schema\/logo\/image\/\"},\"sameAs\":[\"https:\/\/www.linkedin.com\/company\/evolutiongroupdigital\/\"]}]}<\/script>\n<!-- \/ Yoast SEO plugin. -->","yoast_head_json":{"title":"Contacta con Nosotros - EVOLUTION GROUP","robots":{"index":"index","follow":"follow","max-snippet":"max-snippet:-1","max-image-preview":"max-image-preview:large","max-video-preview":"max-video-preview:-1"},"canonical":"https:\/\/evolutiongroup.digital\/es\/empresa\/contacta-con-nosotros\/","og_locale":"es_ES","og_type":"article","og_title":"Contacta con Nosotros - EVOLUTION GROUP","og_url":"https:\/\/evolutiongroup.digital\/es\/empresa\/contacta-con-nosotros\/","og_site_name":"EVOLUTION GROUP","article_modified_time":"2026-01-20T09:55:34+00:00","twitter_card":"summary_large_image","twitter_misc":{"Tiempo de lectura":"1 minuto"},"schema":{"@context":"https:\/\/schema.org","@graph":[{"@type":"WebPage","@id":"https:\/\/evolutiongroup.digital\/es\/empresa\/contacta-con-nosotros\/","url":"https:\/\/evolutiongroup.digital\/es\/empresa\/contacta-con-nosotros\/","name":"Contacta con Nosotros - EVOLUTION GROUP","isPartOf":{"@id":"https:\/\/evolutiongroup.digital\/#website"},"datePublished":"2022-04-12T13:02:35+00:00","dateModified":"2026-01-20T09:55:34+00:00","breadcrumb":{"@id":"https:\/\/evolutiongroup.digital\/es\/empresa\/contacta-con-nosotros\/#breadcrumb"},"inLanguage":"es","potentialAction":[{"@type":"ReadAction","target":["https:\/\/evolutiongroup.digital\/es\/empresa\/contacta-con-nosotros\/"]}]},{"@type":"BreadcrumbList","@id":"https:\/\/evolutiongroup.digital\/es\/empresa\/contacta-con-nosotros\/#breadcrumb","itemListElement":[{"@type":"ListItem","position":1,"name":"Home","item":"https:\/\/evolutiongroup.digital\/es\/"},{"@type":"ListItem","position":2,"name":"EMPRESA","item":"https:\/\/evolutiongroup.digital\/es\/empresa\/"},{"@type":"ListItem","position":3,"name":"Contacta con Nosotros"}]},{"@type":"WebSite","@id":"https:\/\/evolutiongroup.digital\/#website","url":"https:\/\/evolutiongroup.digital\/","name":"Evolution Group","description":"Your Story, Your Success. TRUST","publisher":{"@id":"https:\/\/evolutiongroup.digital\/#organization"},"alternateName":"Evolution Group","potentialAction":[{"@type":"SearchAction","target":{"@type":"EntryPoint","urlTemplate":"https:\/\/evolutiongroup.digital\/?s={search_term_string}"},"query-input":{"@type":"PropertyValueSpecification","valueRequired":true,"valueName":"search_term_string"}}],"inLanguage":"es"},{"@type":"Organization","@id":"https:\/\/evolutiongroup.digital\/#organization","name":"Evolution Group","alternateName":"Evolution Group","url":"https:\/\/evolutiongroup.digital\/","logo":{"@type":"ImageObject","inLanguage":"es","@id":"https:\/\/evolutiongroup.digital\/#\/schema\/logo\/image\/","url":"http:\/\/evolutiongroup.digital\/wp-content\/uploads\/2022\/06\/logo-evolutiongroup-black.svg","contentUrl":"http:\/\/evolutiongroup.digital\/wp-content\/uploads\/2022\/06\/logo-evolutiongroup-black.svg","width":372,"height":39,"caption":"Evolution Group"},"image":{"@id":"https:\/\/evolutiongroup.digital\/#\/schema\/logo\/image\/"},"sameAs":["https:\/\/www.linkedin.com\/company\/evolutiongroupdigital\/"]}]}},"_links":{"self":[{"href":"https:\/\/evolutiongroup.digital\/es\/wp-json\/wp\/v2\/pages\/1239","targetHints":{"allow":["GET"]}}],"collection":[{"href":"https:\/\/evolutiongroup.digital\/es\/wp-json\/wp\/v2\/pages"}],"about":[{"href":"https:\/\/evolutiongroup.digital\/es\/wp-json\/wp\/v2\/types\/page"}],"author":[{"embeddable":true,"href":"https:\/\/evolutiongroup.digital\/es\/wp-json\/wp\/v2\/users\/1"}],"replies":[{"embeddable":true,"href":"https:\/\/evolutiongroup.digital\/es\/wp-json\/wp\/v2\/comments?post=1239"}],"version-history":[{"count":7,"href":"https:\/\/evolutiongroup.digital\/es\/wp-json\/wp\/v2\/pages\/1239\/revisions"}],"predecessor-version":[{"id":3287,"href":"https:\/\/evolutiongroup.digital\/es\/wp-json\/wp\/v2\/pages\/1239\/revisions\/3287"}],"up":[{"embeddable":true,"href":"https:\/\/evolutiongroup.digital\/es\/wp-json\/wp\/v2\/pages\/1237"}],"wp:attachment":[{"href":"https:\/\/evolutiongroup.digital\/es\/wp-json\/wp\/v2\/media?parent=1239"}],"curies":[{"name":"wp","href":"https:\/\/api.w.org\/{rel}","templated":true}]}}