{"id":1888,"date":"2022-05-30T15:41:45","date_gmt":"2022-05-30T13:41:45","guid":{"rendered":"http:\/\/evolutiongroup.digital\/politica-de-cookies\/"},"modified":"2022-07-26T15:27:16","modified_gmt":"2022-07-26T13:27:16","slug":"politica-de-cookies","status":"publish","type":"page","link":"https:\/\/evolutiongroup.digital\/es\/politica-de-cookies\/","title":{"rendered":"Pol\u00edtica de cookies"},"content":{"rendered":"\n<p><strong>POL\u00cdTICA DE COOKIES AMPLIADA<\/strong><\/p>\n\n\n\n<p>El prop\u00f3sito de esta \u00abPol\u00edtica de Cookies\u00bb es describir c\u00f3mo http:\/\/evolutiongroup.digital\/ (en adelante tambi\u00e9n el \u00abSitio\u00bb) maneja el uso de cookies y forma parte integral de la Pol\u00edtica de Privacidad.<\/p>\n\n\n\n<p>Con el fin de proporcionar al Usuario una experiencia de navegaci\u00f3n mejor y m\u00e1s personalizada, Evolution ADV srl necesita almacenar informaci\u00f3n sobre el uso del Sitio mediante el uso de archivos de texto llamados \u00abcookies\u00bb y otras herramientas de seguimiento.<\/p>\n\n\n\n<p>Este sitio utiliza cookies t\u00e9cnicas necesarias para el funcionamiento del sitio y cookies de terceros necesarias para el funcionamiento de ciertas funciones como el an\u00e1lisis estad\u00edstico de los accesos.<\/p>\n\n\n\n<p><strong>COOKIES<\/strong><\/p>\n\n\n\n<p>Las cookies son peque\u00f1as l\u00edneas de texto que los sitios web visitados por un usuario env\u00edan a su navegador. El navegador almacena la informaci\u00f3n espec\u00edfica de la navegaci\u00f3n del usuario y la transmite a los mismos sitios durante las siguientes visitas. Las cookies de terceros son instaladas por sitios web extranjeros, debido a la presencia de elementos que residen en servidores distintos al del sitio web visitado. Las cookies difieren en su prop\u00f3sito de uso<strong>. <\/strong>  <\/p>\n\n\n\n<p><strong>COOKIES T\u00c9CNICAS  <\/strong><\/p>\n\n\n\n<p>Las cookies t\u00e9cnicas se utilizan para \u00abllevar a cabo la transmisi\u00f3n de una comunicaci\u00f3n a trav\u00e9s de una red de comunicaciones electr\u00f3nicas, o en la medida en que sea estrictamente necesario para que el proveedor de un servicio de la sociedad de la informaci\u00f3n, expl\u00edcitamente solicitado por el abonado o usuario, preste dicho servicio\u00bb (cf. Art. 122(1) del C\u00f3digo). Las actividades realizadas por las cookies t\u00e9cnicas son estrictamente necesarias para el uso de los sitios web que las contienen. La instalaci\u00f3n de estas cookies no requiere el consentimiento del visitante, pero el operador del sitio est\u00e1 obligado a proporcionar informaci\u00f3n de acuerdo con el Art. 13 del C\u00f3digo.<\/p>\n\n\n\n<p><strong>COOKIES DE PERFIL  <\/strong><\/p>\n\n\n\n<p>Las cookies de perfil siguen la navegaci\u00f3n del usuario y crean un perfil basado en sus elecciones y h\u00e1bitos de b\u00fasqueda. De este modo, el usuario puede recibir mensajes publicitarios personalizados y acordes con las preferencias expresadas al navegar por la web. Las cookies de perfil s\u00f3lo pueden instalarse despu\u00e9s de que el usuario haya sido informado de su presencia y haya consentido su uso.<\/p>\n\n\n\n<p><strong>COOKIES ANAL\u00cdTICAS<\/strong><\/p>\n\n\n\n<p>Las cookies anal\u00edticas controlan el correcto funcionamiento del sitio web y realizan an\u00e1lisis estad\u00edsticos, recogiendo informaci\u00f3n de forma an\u00f3nima. Las cookies anal\u00edticas son proporcionadas exclusivamente por terceros.<\/p>\n\n\n\n<p><strong>COOKIES DEL SITIO  <\/strong><\/p>\n\n\n\n<p>En la p\u00e1gina de inicio, la primera vez que acceda al Sitio, podr\u00e1 ver un banner emergente que contiene una breve informaci\u00f3n sobre el uso de cookies. Al interactuar con el banner, el Usuario tiene la opci\u00f3n de aceptar el uso de cookies o de seleccionar categor\u00edas individuales de cookies. Siempre puedes cambiar tus opciones.  <\/p>\n\n\n\n<p><strong>GOOGLE ANALYTICS (GOOGLE INC.)<\/strong><\/p>\n\n\n\n<p>Google Analytics es un servicio de an\u00e1lisis web proporcionado por Google Inc. (&#8216;Google&#8217;). Google utiliza los Datos Personales recogidos con el fin de rastrear y examinar el uso de esta Aplicaci\u00f3n, recopilar informes y compartirlos con otros servicios desarrollados por Google.<\/p>\n\n\n\n<p>Google puede utilizar los datos personales para contextualizar y personalizar los anuncios en su red publicitaria.<\/p>\n\n\n\n<p>Datos personales recogidos: Cookies y datos de uso.<\/p>\n\n\n\n<p>Lugar de procesamiento: Estados Unidos &#8211; Pol\u00edtica de privacidad &#8211; Opt Out<\/p>\n\n\n\n<p><strong>C\u00f3mo desactivar las cookies a trav\u00e9s de la configuraci\u00f3n del navegador<\/strong><\/p>\n\n\n\n<p>Ajustando la configuraci\u00f3n de su navegador, puede gestionar las cookies de forma que se respeten sus preferencias. Cada navegador ofrece la posibilidad de aceptar o no aceptar cookies espec\u00edficamente para diferentes sitios y aplicaciones web. Adem\u00e1s, algunos navegadores tambi\u00e9n permiten diferentes configuraciones para las cookies \u00abpropias\u00bb y \u00abde terceros\u00bb.<\/p>\n\n\n\n<p><strong>Tenga en cuenta<\/strong> que la desactivaci\u00f3n de las cookies puede impedirle utilizar determinadas funciones de este sitio web. La desactivaci\u00f3n de las cookies de terceros no afecta en absoluto a la navegabilidad.<\/p>\n\n\n\n<p>El procedimiento var\u00eda ligeramente en funci\u00f3n del tipo de navegador utilizado. Para obtener instrucciones detalladas, siga uno de los siguientes enlaces:<\/p>\n\n\n\n<ul class=\"wp-block-list\" style=\"font-size:28px\"><li><a href=\"https:\/\/support.microsoft.com\/kb\/196955\">Internet Explorer<\/a><\/li><li><a href=\"https:\/\/support.mozilla.org\/it\/kb\/Gestione%20dei%20Cookie?redirectlocale=en-US&amp;redirectslug=Cookies\">Firefox<\/a><\/li><li><a href=\"https:\/\/support.google.com\/chrome\/answer\/95647?hl=it\">Google Chrome<\/a><\/li><li><a href=\"https:\/\/www.opera.com\/help\/tutorials\/security\/guide\/\">\u00d3pera<\/a><\/li><li><a href=\"https:\/\/support.apple.com\/kb\/PH19214?viewlocale=it_IT&amp;locale=it_IT\">Safari<\/a><\/li><li><a href=\"https:\/\/support.apple.com\/it-it\/HT201265\">Safari (iOS)<\/a><\/li><\/ul>\n","protected":false},"excerpt":{"rendered":"<p>POL\u00cdTICA DE COOKIES AMPLIADA El prop\u00f3sito de esta \u00abPol\u00edtica de Cookies\u00bb es describir c\u00f3mo http:\/\/evolutiongroup.digital\/ (en adelante tambi\u00e9n el \u00abSitio\u00bb) maneja el uso de cookies y forma parte integral de la Pol\u00edtica de Privacidad. Con el fin de proporcionar al Usuario una experiencia de navegaci\u00f3n mejor y m\u00e1s personalizada, Evolution ADV srl necesita almacenar informaci\u00f3n [&hellip;]<\/p>\n","protected":false},"author":1,"featured_media":0,"parent":0,"menu_order":60,"comment_status":"closed","ping_status":"closed","template":"template_page\/privacy.php","meta":{"_acf_changed":false,"inline_featured_image":false,"footnotes":""},"class_list":["post-1888","page","type-page","status-publish","hentry"],"acf":[],"yoast_head":"<!-- This site is optimized with the Yoast SEO plugin v26.3 - https:\/\/yoast.com\/wordpress\/plugins\/seo\/ -->\n<title>Pol\u00edtica de cookies - EVOLUTION GROUP<\/title>\n<meta name=\"robots\" content=\"index, follow, max-snippet:-1, max-image-preview:large, max-video-preview:-1\" \/>\n<link rel=\"canonical\" href=\"https:\/\/evolutiongroup.digital\/es\/politica-de-cookies\/\" \/>\n<meta property=\"og:locale\" content=\"es_ES\" \/>\n<meta property=\"og:type\" content=\"article\" \/>\n<meta property=\"og:title\" content=\"Pol\u00edtica de cookies - EVOLUTION GROUP\" \/>\n<meta property=\"og:description\" content=\"POL\u00cdTICA DE COOKIES AMPLIADA El prop\u00f3sito de esta \u00abPol\u00edtica de Cookies\u00bb es describir c\u00f3mo http:\/\/evolutiongroup.digital\/ (en adelante tambi\u00e9n el \u00abSitio\u00bb) maneja el uso de cookies y forma parte integral de la Pol\u00edtica de Privacidad. Con el fin de proporcionar al Usuario una experiencia de navegaci\u00f3n mejor y m\u00e1s personalizada, Evolution ADV srl necesita almacenar informaci\u00f3n [&hellip;]\" \/>\n<meta property=\"og:url\" content=\"https:\/\/evolutiongroup.digital\/es\/politica-de-cookies\/\" \/>\n<meta property=\"og:site_name\" content=\"EVOLUTION GROUP\" \/>\n<meta property=\"article:modified_time\" content=\"2022-07-26T13:27:16+00:00\" \/>\n<meta name=\"twitter:card\" content=\"summary_large_image\" \/>\n<meta name=\"twitter:label1\" content=\"Tiempo de lectura\" \/>\n\t<meta name=\"twitter:data1\" content=\"4 minutos\" \/>\n<script type=\"application\/ld+json\" class=\"yoast-schema-graph\">{\"@context\":\"https:\/\/schema.org\",\"@graph\":[{\"@type\":\"WebPage\",\"@id\":\"https:\/\/evolutiongroup.digital\/es\/politica-de-cookies\/\",\"url\":\"https:\/\/evolutiongroup.digital\/es\/politica-de-cookies\/\",\"name\":\"Pol\u00edtica de cookies - EVOLUTION GROUP\",\"isPartOf\":{\"@id\":\"https:\/\/evolutiongroup.digital\/#website\"},\"datePublished\":\"2022-05-30T13:41:45+00:00\",\"dateModified\":\"2022-07-26T13:27:16+00:00\",\"breadcrumb\":{\"@id\":\"https:\/\/evolutiongroup.digital\/es\/politica-de-cookies\/#breadcrumb\"},\"inLanguage\":\"es\",\"potentialAction\":[{\"@type\":\"ReadAction\",\"target\":[\"https:\/\/evolutiongroup.digital\/es\/politica-de-cookies\/\"]}]},{\"@type\":\"BreadcrumbList\",\"@id\":\"https:\/\/evolutiongroup.digital\/es\/politica-de-cookies\/#breadcrumb\",\"itemListElement\":[{\"@type\":\"ListItem\",\"position\":1,\"name\":\"Home\",\"item\":\"https:\/\/evolutiongroup.digital\/es\/\"},{\"@type\":\"ListItem\",\"position\":2,\"name\":\"Pol\u00edtica de cookies\"}]},{\"@type\":\"WebSite\",\"@id\":\"https:\/\/evolutiongroup.digital\/#website\",\"url\":\"https:\/\/evolutiongroup.digital\/\",\"name\":\"Evolution Group\",\"description\":\"Your Story, Your Success. TRUST\",\"publisher\":{\"@id\":\"https:\/\/evolutiongroup.digital\/#organization\"},\"alternateName\":\"Evolution Group\",\"potentialAction\":[{\"@type\":\"SearchAction\",\"target\":{\"@type\":\"EntryPoint\",\"urlTemplate\":\"https:\/\/evolutiongroup.digital\/?s={search_term_string}\"},\"query-input\":{\"@type\":\"PropertyValueSpecification\",\"valueRequired\":true,\"valueName\":\"search_term_string\"}}],\"inLanguage\":\"es\"},{\"@type\":\"Organization\",\"@id\":\"https:\/\/evolutiongroup.digital\/#organization\",\"name\":\"Evolution Group\",\"alternateName\":\"Evolution Group\",\"url\":\"https:\/\/evolutiongroup.digital\/\",\"logo\":{\"@type\":\"ImageObject\",\"inLanguage\":\"es\",\"@id\":\"https:\/\/evolutiongroup.digital\/#\/schema\/logo\/image\/\",\"url\":\"http:\/\/evolutiongroup.digital\/wp-content\/uploads\/2022\/06\/logo-evolutiongroup-black.svg\",\"contentUrl\":\"http:\/\/evolutiongroup.digital\/wp-content\/uploads\/2022\/06\/logo-evolutiongroup-black.svg\",\"width\":372,\"height\":39,\"caption\":\"Evolution Group\"},\"image\":{\"@id\":\"https:\/\/evolutiongroup.digital\/#\/schema\/logo\/image\/\"},\"sameAs\":[\"https:\/\/www.linkedin.com\/company\/evolutiongroupdigital\/\"]}]}<\/script>\n<!-- \/ Yoast SEO plugin. -->","yoast_head_json":{"title":"Pol\u00edtica de cookies - EVOLUTION GROUP","robots":{"index":"index","follow":"follow","max-snippet":"max-snippet:-1","max-image-preview":"max-image-preview:large","max-video-preview":"max-video-preview:-1"},"canonical":"https:\/\/evolutiongroup.digital\/es\/politica-de-cookies\/","og_locale":"es_ES","og_type":"article","og_title":"Pol\u00edtica de cookies - EVOLUTION GROUP","og_description":"POL\u00cdTICA DE COOKIES AMPLIADA El prop\u00f3sito de esta \u00abPol\u00edtica de Cookies\u00bb es describir c\u00f3mo http:\/\/evolutiongroup.digital\/ (en adelante tambi\u00e9n el \u00abSitio\u00bb) maneja el uso de cookies y forma parte integral de la Pol\u00edtica de Privacidad. Con el fin de proporcionar al Usuario una experiencia de navegaci\u00f3n mejor y m\u00e1s personalizada, Evolution ADV srl necesita almacenar informaci\u00f3n [&hellip;]","og_url":"https:\/\/evolutiongroup.digital\/es\/politica-de-cookies\/","og_site_name":"EVOLUTION GROUP","article_modified_time":"2022-07-26T13:27:16+00:00","twitter_card":"summary_large_image","twitter_misc":{"Tiempo de lectura":"4 minutos"},"schema":{"@context":"https:\/\/schema.org","@graph":[{"@type":"WebPage","@id":"https:\/\/evolutiongroup.digital\/es\/politica-de-cookies\/","url":"https:\/\/evolutiongroup.digital\/es\/politica-de-cookies\/","name":"Pol\u00edtica de cookies - EVOLUTION GROUP","isPartOf":{"@id":"https:\/\/evolutiongroup.digital\/#website"},"datePublished":"2022-05-30T13:41:45+00:00","dateModified":"2022-07-26T13:27:16+00:00","breadcrumb":{"@id":"https:\/\/evolutiongroup.digital\/es\/politica-de-cookies\/#breadcrumb"},"inLanguage":"es","potentialAction":[{"@type":"ReadAction","target":["https:\/\/evolutiongroup.digital\/es\/politica-de-cookies\/"]}]},{"@type":"BreadcrumbList","@id":"https:\/\/evolutiongroup.digital\/es\/politica-de-cookies\/#breadcrumb","itemListElement":[{"@type":"ListItem","position":1,"name":"Home","item":"https:\/\/evolutiongroup.digital\/es\/"},{"@type":"ListItem","position":2,"name":"Pol\u00edtica de cookies"}]},{"@type":"WebSite","@id":"https:\/\/evolutiongroup.digital\/#website","url":"https:\/\/evolutiongroup.digital\/","name":"Evolution Group","description":"Your Story, Your Success. TRUST","publisher":{"@id":"https:\/\/evolutiongroup.digital\/#organization"},"alternateName":"Evolution Group","potentialAction":[{"@type":"SearchAction","target":{"@type":"EntryPoint","urlTemplate":"https:\/\/evolutiongroup.digital\/?s={search_term_string}"},"query-input":{"@type":"PropertyValueSpecification","valueRequired":true,"valueName":"search_term_string"}}],"inLanguage":"es"},{"@type":"Organization","@id":"https:\/\/evolutiongroup.digital\/#organization","name":"Evolution Group","alternateName":"Evolution Group","url":"https:\/\/evolutiongroup.digital\/","logo":{"@type":"ImageObject","inLanguage":"es","@id":"https:\/\/evolutiongroup.digital\/#\/schema\/logo\/image\/","url":"http:\/\/evolutiongroup.digital\/wp-content\/uploads\/2022\/06\/logo-evolutiongroup-black.svg","contentUrl":"http:\/\/evolutiongroup.digital\/wp-content\/uploads\/2022\/06\/logo-evolutiongroup-black.svg","width":372,"height":39,"caption":"Evolution Group"},"image":{"@id":"https:\/\/evolutiongroup.digital\/#\/schema\/logo\/image\/"},"sameAs":["https:\/\/www.linkedin.com\/company\/evolutiongroupdigital\/"]}]}},"_links":{"self":[{"href":"https:\/\/evolutiongroup.digital\/es\/wp-json\/wp\/v2\/pages\/1888","targetHints":{"allow":["GET"]}}],"collection":[{"href":"https:\/\/evolutiongroup.digital\/es\/wp-json\/wp\/v2\/pages"}],"about":[{"href":"https:\/\/evolutiongroup.digital\/es\/wp-json\/wp\/v2\/types\/page"}],"author":[{"embeddable":true,"href":"https:\/\/evolutiongroup.digital\/es\/wp-json\/wp\/v2\/users\/1"}],"replies":[{"embeddable":true,"href":"https:\/\/evolutiongroup.digital\/es\/wp-json\/wp\/v2\/comments?post=1888"}],"version-history":[{"count":3,"href":"https:\/\/evolutiongroup.digital\/es\/wp-json\/wp\/v2\/pages\/1888\/revisions"}],"predecessor-version":[{"id":1893,"href":"https:\/\/evolutiongroup.digital\/es\/wp-json\/wp\/v2\/pages\/1888\/revisions\/1893"}],"wp:attachment":[{"href":"https:\/\/evolutiongroup.digital\/es\/wp-json\/wp\/v2\/media?parent=1888"}],"curies":[{"name":"wp","href":"https:\/\/api.w.org\/{rel}","templated":true}]}}