{"id":1896,"date":"2022-04-12T14:33:37","date_gmt":"2022-04-12T12:33:37","guid":{"rendered":"http:\/\/evolutiongroup.digital\/politica-de-privacidad\/"},"modified":"2022-07-26T15:32:36","modified_gmt":"2022-07-26T13:32:36","slug":"politica-de-privacidad","status":"publish","type":"page","link":"https:\/\/evolutiongroup.digital\/es\/politica-de-privacidad\/","title":{"rendered":"Pol\u00edtica de privacidad"},"content":{"rendered":"\n<h5 class=\"wp-block-heading\"><strong>INFORMACI\u00d3N FACILITADA EN VIRTUD DE LOS ART\u00cdCULOS 13 Y 14 DEL RGPD 2016\/679 (REGLAMENTO GENERAL DE PROTECCI\u00d3N DE DATOS)<\/strong><\/h5>\n\n\n\n<p>En cumplimiento del Reglamento Europeo de Protecci\u00f3n de Datos UE 2016\/679<\/p>\n\n\n\n<p>(en adelante \u00abGDPR\u00bb), proporcionamos la informaci\u00f3n necesaria sobre el tratamiento de datos personales en nuestro sitio.<\/p>\n\n\n\n<p>La presente nota informativa se ofrece para el sitio http:\/\/evolutiongroup.digital\/ (en lo sucesivo: \u00abSitio\u00bb) y  <\/p>\n\n\n\n<p>constituye una parte integral del Sitio y de los servicios que ofrecemos.<\/p>\n\n\n\n<p>Esta informaci\u00f3n se proporciona, de conformidad con el art\u00edculo 13 del Reglamento, a quienes interact\u00faan con los servicios web del Sitio y del Propietario, ya sea por simple consulta o por el uso de servicios espec\u00edficos puestos a disposici\u00f3n a trav\u00e9s del Sitio<\/p>\n\n\n\n<p><strong>EL CONTROLADOR DE DATOS<\/strong><\/p>\n\n\n\n<p>El titular del tratamiento de los datos personales es Evolution ADV s.r.l. &#8211; P.IVA:14074001000 &#8211; Rea No.: RM-1494334 &#8211; con sede en -00187- Roma, via XX Settembre n.40 &#8211; email <a href=\"mailto:info@evolutiongroup.digital\">info@evolutiongroup.digital<\/a><\/p>\n\n\n\n<p><strong>LUGAR DE TRATAMIENTO DE LOS DATOS<\/strong><\/p>\n\n\n\n<p>Las operaciones de tratamiento relacionadas con los servicios web de este sitio tienen lugar en el domicilio social antes mencionado, as\u00ed como en las oficinas operativas, y son llevadas a cabo \u00fanicamente por personal encargado del tratamiento, o por personas encargadas de las operaciones de mantenimiento.<\/p>\n\n\n\n<p><strong>DATOS PERSONALES TRATADOS  <\/strong><\/p>\n\n\n\n<p>Tras la navegaci\u00f3n por el Sitio, Evolution ADV tratar\u00e1 los Datos Personales del usuario de conformidad con la legislaci\u00f3n aplicable.<\/p>\n\n\n\n<p>Los datos personales facilitados por los usuarios que presentan solicitudes espec\u00edficas a trav\u00e9s del formulario o la direcci\u00f3n de correo electr\u00f3nico del sitio se utilizan con el \u00fanico fin de realizar eventualmente el servicio o la prestaci\u00f3n solicitada y se comunican a terceros s\u00f3lo si es necesario para ese fin.<\/p>\n\n\n\n<p><strong>(a) Datos de navegaci\u00f3n<\/strong><\/p>\n\n\n\n<p>Los sistemas inform\u00e1ticos y los procedimientos de software utilizados para el funcionamiento de este sitio web adquieren, en el curso de su operaci\u00f3n normal, ciertos datos personales cuya transmisi\u00f3n est\u00e1 impl\u00edcita en el uso de los protocolos de comunicaci\u00f3n de Internet. Esta informaci\u00f3n no se recoge para ser asociada a interesados identificados, pero por su propia naturaleza podr\u00eda, a trav\u00e9s del tratamiento y la asociaci\u00f3n con datos en poder de terceros, permitir la identificaci\u00f3n de los usuarios.<\/p>\n\n\n\n<p>Estos datos se utilizan con la \u00fanica finalidad de obtener informaci\u00f3n estad\u00edstica an\u00f3nima sobre el uso del sitio y comprobar su correcto funcionamiento.<\/p>\n\n\n\n<p><strong>b) Datos facilitados voluntariamente por el usuario<\/strong><\/p>\n\n\n\n<p>El env\u00edo facultativo, expl\u00edcito y voluntario de correo electr\u00f3nico a la direcci\u00f3n indicada en este sitio o el uso de formularios de contacto conlleva la posterior obtenci\u00f3n de la direcci\u00f3n del remitente, necesaria para responder a las solicitudes, as\u00ed como de cualquier otro dato personal incluido en el mensaje.<\/p>\n\n\n\n<p>La informaci\u00f3n resumida espec\u00edfica se comunicar\u00e1 progresivamente o se mostrar\u00e1 en las p\u00e1ginas del sitio web creadas para servicios concretos a petici\u00f3n de los usuarios.<\/p>\n\n\n\n<p><strong>FINES DEL TRATAMIENTO<\/strong><\/p>\n\n\n\n<p>Los datos de los usuarios se procesan para poder responder a las solicitudes que los usuarios formulan expresamente. En particular, todas las actividades de recopilaci\u00f3n de datos y su posterior tratamiento tienen por objeto la consecuci\u00f3n de los siguientes fines:<\/p>\n\n\n\n<p>(a) registro del sitio;<\/p>\n\n\n\n<p>b) suscripci\u00f3n a boletines de noticias por correo electr\u00f3nico;<\/p>\n\n\n\n<p>(c) la ejecuci\u00f3n del contrato de prestaci\u00f3n del servicio\/producto solicitado;<\/p>\n\n\n\n<p>(d) compartir contenidos en el sitio;<\/p>\n\n\n\n<p>(e) gesti\u00f3n de las relaciones con los clientes;<\/p>\n\n\n\n<p>(f) solicitud gen\u00e9rica de informaci\u00f3n;<\/p>\n\n\n\n<p>g) la participaci\u00f3n en cualquier iniciativa promocional dedicada a clientes nuevos o ya registrados;<\/p>\n\n\n\n<p>h) fines de investigaci\u00f3n\/an\u00e1lisis estad\u00edstico sobre datos agregados o an\u00f3nimos, sin posibilidad de identificar al usuario, destinados a medir el funcionamiento del sitio;<\/p>\n\n\n\n<p>(i) el cumplimiento de las obligaciones fiscales y contables.<\/p>\n\n\n\n<p><strong>MODO DE TRATAMIENTO<\/strong><\/p>\n\n\n\n<p>El tratamiento de datos se realiza mediante herramientas de papel, electr\u00f3nicas y\/o inform\u00e1ticas.<\/p>\n\n\n\n<p>El responsable del tratamiento toma todas las medidas de seguridad adecuadas para evitar el acceso, la divulgaci\u00f3n, la modificaci\u00f3n o la destrucci\u00f3n no autorizados de los datos personales.<\/p>\n\n\n\n<p>Los datos ser\u00e1n tratados con m\u00e9todos organizativos y l\u00f3gicos estrictamente relacionados con los fines para los que fueron recogidos y en cumplimiento de las normas de seguridad vigentes, para los fines indicados anteriormente o especificados de vez en cuando en cualquier otra informaci\u00f3n presentada al usuario.<\/p>\n\n\n\n<p><strong>BASE LEGAL PARA EL TRATAMIENTO<\/strong><\/p>\n\n\n\n<p>El responsable del tratamiento trata los datos personales del usuario si se cumple una de las siguientes condiciones:<\/p>\n\n\n\n<ul class=\"wp-block-list\"><li>el Usuario ha dado su consentimiento para uno o m\u00e1s fines espec\u00edficos;<\/li><li>el tratamiento es necesario para la ejecuci\u00f3n de un contrato con el Usuario y\/o la ejecuci\u00f3n de medidas precontractuales;<\/li><li>el tratamiento es necesario para cumplir una obligaci\u00f3n legal a la que est\u00e1 sujeto el responsable del tratamiento;<\/li><li>el tratamiento es necesario para el cumplimiento de una misi\u00f3n de inter\u00e9s p\u00fablico o en el ejercicio de poderes p\u00fablicos conferidos al responsable del tratamiento;<\/li><li>el tratamiento es necesario para la consecuci\u00f3n del inter\u00e9s leg\u00edtimo del responsable del tratamiento o de terceros.<\/li><\/ul>\n\n\n\n<p>Sin embargo, siempre es posible pedir al responsable del tratamiento que aclare la base jur\u00eddica concreta de cada tratamiento y, en particular, que especifique si el tratamiento se basa en la ley, est\u00e1 previsto en un contrato o es necesario para celebrar un contrato.<\/p>\n\n\n\n<p><strong>SUMINISTRO DE DATOS<\/strong><\/p>\n\n\n\n<p>Los formularios que se facilitan en este sitio incluyen tanto datos obligatorios -su omisi\u00f3n impide la tramitaci\u00f3n de la solicitud- como datos opcionales que no son estrictamente necesarios para tramitar la solicitud.<\/p>\n\n\n\n<p><strong>COMUNICACI\u00d3N Y DIFUSI\u00d3N DE DATOS<\/strong><\/p>\n\n\n\n<p>Los datos personales facilitados s\u00f3lo podr\u00e1n ser revelados a terceros si dicha revelaci\u00f3n es necesaria para cumplir con las peticiones de los propios usuarios\/visitantes o si as\u00ed lo exige la ley.<\/p>\n\n\n\n<p>Los terceros actuar\u00e1n como controladores de datos aut\u00f3nomos al prestar servicios instrumentales para cumplir con la solicitud del usuario en cuesti\u00f3n (por ejemplo, terceros proveedores de servicios t\u00e9cnicos, mensajeros postales, proveedores de alojamiento,) o a quienes la comunicaci\u00f3n de datos es necesaria para cumplir con las leyes o reglamentos.<\/p>\n\n\n\n<p>Las siguientes personas tambi\u00e9n son destinatarias de los datos recogidos y, por lo tanto, tratar\u00e1n dichos datos en nombre del responsable del tratamiento, de conformidad con el art. 28 del Reglamento, como encargados del tratamiento:<\/p>\n\n\n\n<p>&#8211; Contable con respecto a las obligaciones fiscales y contables  <\/p>\n\n\n\n<p>&#8211; Consultores y aut\u00f3nomos en forma individual o asociada  <\/p>\n\n\n\n<p>&#8211; Proveedor de correo electr\u00f3nico<\/p>\n\n\n\n<p>&#8211; Instituciones de seguros<\/p>\n\n\n\n<p>&#8211; Instituciones bancarias<\/p>\n\n\n\n<p>&#8211; Proveedor de PEC<\/p>\n\n\n\n<p>&#8211; Empresa de consultor\u00eda en seguridad y salud laboral  <\/p>\n\n\n\n<p>&#8211; Consultores de privacidad Los abogados que prestan servicios funcionales para los fines mencionados tambi\u00e9n pueden ser destinatarios de los datos.<\/p>\n\n\n\n<p>La lista actualizada de procesadores de datos puede solicitarse siempre al responsable del tratamiento.<\/p>\n\n\n\n<p>Adem\u00e1s, sus datos podr\u00e1n ser comunicados a terceros como, a t\u00edtulo de ejemplo pero no limitativo, autoridades y organismos de supervisi\u00f3n y control y, en general, a sujetos p\u00fablicos o privados con derecho a solicitar los datos (por ejemplo, Agencia Tributaria, Guardia di Finanza).<\/p>\n\n\n\n<p><strong>SUJETOS AUTORIZADOS  <\/strong><\/p>\n\n\n\n<p>Los datos personales recogidos tambi\u00e9n ser\u00e1n tratados por personas internas autorizadas que act\u00faan sobre la base de instrucciones espec\u00edficas sobre los fines y m\u00e9todos de tratamiento.<\/p>\n\n\n\n<p><strong>PER\u00cdODO DE RETENCI\u00d3N<\/strong><\/p>\n\n\n\n<p>Los datos se procesan y almacenan durante el tiempo necesario para los fines para los que fueron recogidos.<\/p>\n\n\n\n<p>Los datos se conservar\u00e1n, en todo caso, hasta que se solicite su supresi\u00f3n, sin perjuicio de las obligaciones legales conexas que prevean un per\u00edodo de conservaci\u00f3n m\u00e1s largo en cumplimiento de la normativa vigente.<\/p>\n\n\n\n<p>Al final del periodo de conservaci\u00f3n, los Datos Personales ser\u00e1n eliminados. Por lo tanto, una vez transcurrido este plazo, ya no se podr\u00e1 ejercer el derecho de acceso, cancelaci\u00f3n, rectificaci\u00f3n y el derecho a la portabilidad de los datos.<\/p>\n\n\n\n<p><strong>DERECHOS DE LOS INTERESADOS<\/strong><\/p>\n\n\n\n<p>Los usuarios pueden, en cualquier momento, ejercer, de conformidad con los art\u00edculos 15 a 22 del Reglamento de la UE n\u00fam. 2016\/679, el derecho a:<\/p>\n\n\n\n<p>a) solicitar la confirmaci\u00f3n de la existencia o no de sus datos personales;  <\/p>\n\n\n\n<p>(b) obtener informaci\u00f3n sobre los fines del tratamiento, las categor\u00edas de datos personales, los destinatarios o las categor\u00edas de destinatarios a los que se han comunicado o se comunicar\u00e1n los datos personales y, cuando sea posible, el per\u00edodo de conservaci\u00f3n;  <\/p>\n\n\n\n<p>c) obtener la rectificaci\u00f3n y la supresi\u00f3n de los datos;  <\/p>\n\n\n\n<p>(d) obtener la restricci\u00f3n del tratamiento;  <\/p>\n\n\n\n<p>(e) obtener la portabilidad de los datos, es decir, recibirlos de un responsable del tratamiento, en un formato estructurado, de uso com\u00fan y legible por m\u00e1quina, y transmitirlos a otro responsable del tratamiento sin obst\u00e1culos;<\/p>\n\n\n\n<p>f) oponerse al tratamiento en cualquier momento y tambi\u00e9n en el caso del tratamiento con fines de marketing directo;  <\/p>\n\n\n\n<p>(g) oponerse a la toma de decisiones automatizada relativa a las personas f\u00edsicas, incluida la elaboraci\u00f3n de perfiles; (h) solicitar al responsable del tratamiento el acceso y la rectificaci\u00f3n o supresi\u00f3n de los datos personales o la limitaci\u00f3n del tratamiento de los datos personales que le conciernen, u oponerse a su tratamiento, adem\u00e1s del derecho a la portabilidad de los datos;  <\/p>\n\n\n\n<p>(i) revocar el consentimiento en cualquier momento sin que ello afecte a la legalidad del tratamiento basado en el consentimiento dado antes de la revocaci\u00f3n;<\/p>\n\n\n\n<p>Los usuarios pueden ejercer sus derechos mediante una solicitud por escrito poni\u00e9ndose en contacto con el responsable del tratamiento a trav\u00e9s de PEC en <a href=\"mailto:evolutionadv@pec.it\">evolutionadv@pec.it<\/a>, correo electr\u00f3nico en <a href=\"mailto:privacy@evolutionadv.it\">privacy@evolutionadv.it<\/a> o carta certificada con acuse de recibo a Via XX Settembre n.40 &#8211; 00187 Roma.<\/p>\n\n\n\n<p>El usuario tambi\u00e9n puede presentar una reclamaci\u00f3n ante la autoridad de control competente en virtud del art\u00edculo 77 del Reglamento (Autoridad de Protecci\u00f3n de Datos Personales <a href=\"http:\/\/www.garanteprivacy.it\">www.garanteprivacy.it<\/a> ) de conformidad con el art\u00edculo. 77 del Reglamento, si considera que el tratamiento de los datos es contrario a la legislaci\u00f3n vigente.  <\/p>\n","protected":false},"excerpt":{"rendered":"<p>INFORMACI\u00d3N FACILITADA EN VIRTUD DE LOS ART\u00cdCULOS 13 Y 14 DEL RGPD 2016\/679 (REGLAMENTO GENERAL DE PROTECCI\u00d3N DE DATOS) En cumplimiento del Reglamento Europeo de Protecci\u00f3n de Datos UE 2016\/679 (en adelante \u00abGDPR\u00bb), proporcionamos la informaci\u00f3n necesaria sobre el tratamiento de datos personales en nuestro sitio. La presente nota informativa se ofrece para el sitio [&hellip;]<\/p>\n","protected":false},"author":1,"featured_media":0,"parent":0,"menu_order":77,"comment_status":"closed","ping_status":"open","template":"template_page\/privacy.php","meta":{"_acf_changed":false,"inline_featured_image":false,"footnotes":""},"class_list":["post-1896","page","type-page","status-publish","hentry"],"acf":[],"yoast_head":"<!-- This site is optimized with the Yoast SEO plugin v26.3 - https:\/\/yoast.com\/wordpress\/plugins\/seo\/ -->\n<title>Pol\u00edtica de privacidad - EVOLUTION GROUP<\/title>\n<meta name=\"robots\" content=\"index, follow, max-snippet:-1, max-image-preview:large, max-video-preview:-1\" \/>\n<link rel=\"canonical\" href=\"https:\/\/evolutiongroup.digital\/es\/politica-de-privacidad\/\" \/>\n<meta property=\"og:locale\" content=\"es_ES\" \/>\n<meta property=\"og:type\" content=\"article\" \/>\n<meta property=\"og:title\" content=\"Pol\u00edtica de privacidad - EVOLUTION GROUP\" \/>\n<meta property=\"og:description\" content=\"INFORMACI\u00d3N FACILITADA EN VIRTUD DE LOS ART\u00cdCULOS 13 Y 14 DEL RGPD 2016\/679 (REGLAMENTO GENERAL DE PROTECCI\u00d3N DE DATOS) En cumplimiento del Reglamento Europeo de Protecci\u00f3n de Datos UE 2016\/679 (en adelante \u00abGDPR\u00bb), proporcionamos la informaci\u00f3n necesaria sobre el tratamiento de datos personales en nuestro sitio. La presente nota informativa se ofrece para el sitio [&hellip;]\" \/>\n<meta property=\"og:url\" content=\"https:\/\/evolutiongroup.digital\/es\/politica-de-privacidad\/\" \/>\n<meta property=\"og:site_name\" content=\"EVOLUTION GROUP\" \/>\n<meta property=\"article:modified_time\" content=\"2022-07-26T13:32:36+00:00\" \/>\n<meta name=\"twitter:card\" content=\"summary_large_image\" \/>\n<meta name=\"twitter:label1\" content=\"Tiempo de lectura\" \/>\n\t<meta name=\"twitter:data1\" content=\"9 minutos\" \/>\n<script type=\"application\/ld+json\" class=\"yoast-schema-graph\">{\"@context\":\"https:\/\/schema.org\",\"@graph\":[{\"@type\":\"WebPage\",\"@id\":\"https:\/\/evolutiongroup.digital\/es\/politica-de-privacidad\/\",\"url\":\"https:\/\/evolutiongroup.digital\/es\/politica-de-privacidad\/\",\"name\":\"Pol\u00edtica de privacidad - EVOLUTION GROUP\",\"isPartOf\":{\"@id\":\"https:\/\/evolutiongroup.digital\/#website\"},\"datePublished\":\"2022-04-12T12:33:37+00:00\",\"dateModified\":\"2022-07-26T13:32:36+00:00\",\"breadcrumb\":{\"@id\":\"https:\/\/evolutiongroup.digital\/es\/politica-de-privacidad\/#breadcrumb\"},\"inLanguage\":\"es\",\"potentialAction\":[{\"@type\":\"ReadAction\",\"target\":[\"https:\/\/evolutiongroup.digital\/es\/politica-de-privacidad\/\"]}]},{\"@type\":\"BreadcrumbList\",\"@id\":\"https:\/\/evolutiongroup.digital\/es\/politica-de-privacidad\/#breadcrumb\",\"itemListElement\":[{\"@type\":\"ListItem\",\"position\":1,\"name\":\"Home\",\"item\":\"https:\/\/evolutiongroup.digital\/es\/\"},{\"@type\":\"ListItem\",\"position\":2,\"name\":\"Pol\u00edtica de privacidad\"}]},{\"@type\":\"WebSite\",\"@id\":\"https:\/\/evolutiongroup.digital\/#website\",\"url\":\"https:\/\/evolutiongroup.digital\/\",\"name\":\"Evolution Group\",\"description\":\"Your Story, Your Success. TRUST\",\"publisher\":{\"@id\":\"https:\/\/evolutiongroup.digital\/#organization\"},\"alternateName\":\"Evolution Group\",\"potentialAction\":[{\"@type\":\"SearchAction\",\"target\":{\"@type\":\"EntryPoint\",\"urlTemplate\":\"https:\/\/evolutiongroup.digital\/?s={search_term_string}\"},\"query-input\":{\"@type\":\"PropertyValueSpecification\",\"valueRequired\":true,\"valueName\":\"search_term_string\"}}],\"inLanguage\":\"es\"},{\"@type\":\"Organization\",\"@id\":\"https:\/\/evolutiongroup.digital\/#organization\",\"name\":\"Evolution Group\",\"alternateName\":\"Evolution Group\",\"url\":\"https:\/\/evolutiongroup.digital\/\",\"logo\":{\"@type\":\"ImageObject\",\"inLanguage\":\"es\",\"@id\":\"https:\/\/evolutiongroup.digital\/#\/schema\/logo\/image\/\",\"url\":\"http:\/\/evolutiongroup.digital\/wp-content\/uploads\/2022\/06\/logo-evolutiongroup-black.svg\",\"contentUrl\":\"http:\/\/evolutiongroup.digital\/wp-content\/uploads\/2022\/06\/logo-evolutiongroup-black.svg\",\"width\":372,\"height\":39,\"caption\":\"Evolution Group\"},\"image\":{\"@id\":\"https:\/\/evolutiongroup.digital\/#\/schema\/logo\/image\/\"},\"sameAs\":[\"https:\/\/www.linkedin.com\/company\/evolutiongroupdigital\/\"]}]}<\/script>\n<!-- \/ Yoast SEO plugin. -->","yoast_head_json":{"title":"Pol\u00edtica de privacidad - EVOLUTION GROUP","robots":{"index":"index","follow":"follow","max-snippet":"max-snippet:-1","max-image-preview":"max-image-preview:large","max-video-preview":"max-video-preview:-1"},"canonical":"https:\/\/evolutiongroup.digital\/es\/politica-de-privacidad\/","og_locale":"es_ES","og_type":"article","og_title":"Pol\u00edtica de privacidad - EVOLUTION GROUP","og_description":"INFORMACI\u00d3N FACILITADA EN VIRTUD DE LOS ART\u00cdCULOS 13 Y 14 DEL RGPD 2016\/679 (REGLAMENTO GENERAL DE PROTECCI\u00d3N DE DATOS) En cumplimiento del Reglamento Europeo de Protecci\u00f3n de Datos UE 2016\/679 (en adelante \u00abGDPR\u00bb), proporcionamos la informaci\u00f3n necesaria sobre el tratamiento de datos personales en nuestro sitio. La presente nota informativa se ofrece para el sitio [&hellip;]","og_url":"https:\/\/evolutiongroup.digital\/es\/politica-de-privacidad\/","og_site_name":"EVOLUTION GROUP","article_modified_time":"2022-07-26T13:32:36+00:00","twitter_card":"summary_large_image","twitter_misc":{"Tiempo de lectura":"9 minutos"},"schema":{"@context":"https:\/\/schema.org","@graph":[{"@type":"WebPage","@id":"https:\/\/evolutiongroup.digital\/es\/politica-de-privacidad\/","url":"https:\/\/evolutiongroup.digital\/es\/politica-de-privacidad\/","name":"Pol\u00edtica de privacidad - EVOLUTION GROUP","isPartOf":{"@id":"https:\/\/evolutiongroup.digital\/#website"},"datePublished":"2022-04-12T12:33:37+00:00","dateModified":"2022-07-26T13:32:36+00:00","breadcrumb":{"@id":"https:\/\/evolutiongroup.digital\/es\/politica-de-privacidad\/#breadcrumb"},"inLanguage":"es","potentialAction":[{"@type":"ReadAction","target":["https:\/\/evolutiongroup.digital\/es\/politica-de-privacidad\/"]}]},{"@type":"BreadcrumbList","@id":"https:\/\/evolutiongroup.digital\/es\/politica-de-privacidad\/#breadcrumb","itemListElement":[{"@type":"ListItem","position":1,"name":"Home","item":"https:\/\/evolutiongroup.digital\/es\/"},{"@type":"ListItem","position":2,"name":"Pol\u00edtica de privacidad"}]},{"@type":"WebSite","@id":"https:\/\/evolutiongroup.digital\/#website","url":"https:\/\/evolutiongroup.digital\/","name":"Evolution Group","description":"Your Story, Your Success. TRUST","publisher":{"@id":"https:\/\/evolutiongroup.digital\/#organization"},"alternateName":"Evolution Group","potentialAction":[{"@type":"SearchAction","target":{"@type":"EntryPoint","urlTemplate":"https:\/\/evolutiongroup.digital\/?s={search_term_string}"},"query-input":{"@type":"PropertyValueSpecification","valueRequired":true,"valueName":"search_term_string"}}],"inLanguage":"es"},{"@type":"Organization","@id":"https:\/\/evolutiongroup.digital\/#organization","name":"Evolution Group","alternateName":"Evolution Group","url":"https:\/\/evolutiongroup.digital\/","logo":{"@type":"ImageObject","inLanguage":"es","@id":"https:\/\/evolutiongroup.digital\/#\/schema\/logo\/image\/","url":"http:\/\/evolutiongroup.digital\/wp-content\/uploads\/2022\/06\/logo-evolutiongroup-black.svg","contentUrl":"http:\/\/evolutiongroup.digital\/wp-content\/uploads\/2022\/06\/logo-evolutiongroup-black.svg","width":372,"height":39,"caption":"Evolution Group"},"image":{"@id":"https:\/\/evolutiongroup.digital\/#\/schema\/logo\/image\/"},"sameAs":["https:\/\/www.linkedin.com\/company\/evolutiongroupdigital\/"]}]}},"_links":{"self":[{"href":"https:\/\/evolutiongroup.digital\/es\/wp-json\/wp\/v2\/pages\/1896","targetHints":{"allow":["GET"]}}],"collection":[{"href":"https:\/\/evolutiongroup.digital\/es\/wp-json\/wp\/v2\/pages"}],"about":[{"href":"https:\/\/evolutiongroup.digital\/es\/wp-json\/wp\/v2\/types\/page"}],"author":[{"embeddable":true,"href":"https:\/\/evolutiongroup.digital\/es\/wp-json\/wp\/v2\/users\/1"}],"replies":[{"embeddable":true,"href":"https:\/\/evolutiongroup.digital\/es\/wp-json\/wp\/v2\/comments?post=1896"}],"version-history":[{"count":3,"href":"https:\/\/evolutiongroup.digital\/es\/wp-json\/wp\/v2\/pages\/1896\/revisions"}],"predecessor-version":[{"id":1901,"href":"https:\/\/evolutiongroup.digital\/es\/wp-json\/wp\/v2\/pages\/1896\/revisions\/1901"}],"wp:attachment":[{"href":"https:\/\/evolutiongroup.digital\/es\/wp-json\/wp\/v2\/media?parent=1896"}],"curies":[{"name":"wp","href":"https:\/\/api.w.org\/{rel}","templated":true}]}}