{"id":2519,"date":"2022-10-31T17:45:56","date_gmt":"2022-10-31T16:45:56","guid":{"rendered":"http:\/\/evolutiongroup.digital\/promo\/iab-forum-2022-thank-you-page\/"},"modified":"2022-11-11T16:55:00","modified_gmt":"2022-11-11T15:55:00","slug":"iab-forum-2022-thank-you-page","status":"publish","type":"page","link":"https:\/\/evolutiongroup.digital\/es\/promo\/iab-forum-2022-thank-you-page\/","title":{"rendered":"IAB Forum 2022 Thank You Page"},"content":{"rendered":"\n<p>\u00a1Gracias!<\/p>\n\n\n\n<p>Hemos recibido sus datos y nos tomamos un momento para responderle.<\/p>\n\n\n\n<p>Si no tiene noticias nuestras de inmediato, no se preocupe.<\/p>\n\n\n\n<p>Gestionamos una red de m\u00e1s de 350 editores premium, por lo que tenemos que analizar mejor las propuestas que recibimos.<\/p>\n\n\n\n<div class=\"wp-block-columns are-vertically-aligned-center block-inner-cr b-cr-gradient p-3 my-2 is-layout-flex wp-container-core-columns-is-layout-9d6595d7 wp-block-columns-is-layout-flex\">\n<div class=\"wp-block-column is-vertically-aligned-center is-layout-flow wp-block-column-is-layout-flow\">\n<h4 class=\"wp-block-heading\">\u00bfNos conociste en el IAB Forum?<\/h4>\n\n\n\n<p>Eche un vistazo a la presentaci\u00f3n, t\u00f3mese su tiempo para leerla y eval\u00fae todas las posibilidades para usted.<\/p>\n\n\n\n<p>Este a\u00f1o nos hemos centrado en el Futuro de la Publicidad, como empresa siempre nos hemos centrado en el desarrollo de la tecnolog\u00eda para apoyar a los editores y a las centrales de medios, y de este desarrollo naci\u00f3 CR manager.<\/p>\n\n\n\n<p>CR manager es la primera plataforma propia de autoservicio que le permite crear y gestionar sus propias campa\u00f1as publicitarias.<\/p>\n<\/div>\n\n\n\n<div class=\"wp-block-column is-vertically-aligned-center is-layout-flow wp-block-column-is-layout-flow\">\n<iframe loading=\"lazy\" src=\"https:\/\/docs.google.com\/presentation\/d\/e\/2PACX-1vRNbREVJjcqLVIRPkSro34NSQTpV1Ib-wbqCXRdwITg2l75rkBvoFwthNgup11DUouSN4vxBYsCXLca\/embed?start=false&amp;loop=false&amp;delayms=3000\" frameborder=\"0\" width=\"1920\" height=\"1109\" allowfullscreen=\"true\" mozallowfullscreen=\"true\" webkitallowfullscreen=\"true\"><\/iframe>\n<\/div>\n<\/div>\n\n\n\n<p>Mientras tanto\u2026 \u00bfsab\u00edas que tambi\u00e9n hemos abierto una secci\u00f3n de <strong><a href=\"http:\/\/evolutiongroup.digital\/es\/blog\/\">blog<\/a><\/strong>?<\/p>\n\n\n\n<p>Cubrimos temas que afectan al mundo de la publicidad digital, desde noticias tecnol\u00f3gicas hasta monetizaci\u00f3n, GDPR, audiencia, etc.<\/p>\n\n\n\n<p>La intenci\u00f3n es poder dar nuestra opini\u00f3n o profundizar en los temas del sector, a la vez que nos comunicamos con nuestros clientes y colegas de forma clara y comprensible para todos.<\/p>\n\n\n\n<p><strong><a href=\"http:\/\/evolutiongroup.digital\/es\/blog\/\">Puedes echarle un vistazo y leer los \u00faltimos art\u00edculos.<\/a><\/strong><\/p>\n","protected":false},"excerpt":{"rendered":"<p>\u00a1Gracias! Hemos recibido sus datos y nos tomamos un momento para responderle. Si no tiene noticias nuestras de inmediato, no se preocupe. Gestionamos una red de m\u00e1s de 350 editores premium, por lo que tenemos que analizar mejor las propuestas que recibimos. \u00bfNos conociste en el IAB Forum? Eche un vistazo a la presentaci\u00f3n, t\u00f3mese [&hellip;]<\/p>\n","protected":false},"author":1,"featured_media":1189,"parent":2184,"menu_order":22,"comment_status":"closed","ping_status":"closed","template":"template_page\/thankyou-evento.php","meta":{"_acf_changed":false,"inline_featured_image":false,"footnotes":""},"class_list":["post-2519","page","type-page","status-publish","has-post-thumbnail","hentry"],"acf":[],"yoast_head":"<!-- This site is optimized with the Yoast SEO plugin v26.3 - https:\/\/yoast.com\/wordpress\/plugins\/seo\/ -->\n<title>IAB Forum 2022 Thank You Page - EVOLUTION GROUP<\/title>\n<meta name=\"robots\" content=\"index, follow, max-snippet:-1, max-image-preview:large, max-video-preview:-1\" \/>\n<link rel=\"canonical\" href=\"https:\/\/evolutiongroup.digital\/es\/promo\/iab-forum-2022-thank-you-page\/\" \/>\n<meta property=\"og:locale\" content=\"es_ES\" \/>\n<meta property=\"og:type\" content=\"article\" \/>\n<meta property=\"og:title\" content=\"IAB Forum 2022 Thank You Page - EVOLUTION GROUP\" \/>\n<meta property=\"og:description\" content=\"\u00a1Gracias! Hemos recibido sus datos y nos tomamos un momento para responderle. Si no tiene noticias nuestras de inmediato, no se preocupe. Gestionamos una red de m\u00e1s de 350 editores premium, por lo que tenemos que analizar mejor las propuestas que recibimos. \u00bfNos conociste en el IAB Forum? Eche un vistazo a la presentaci\u00f3n, t\u00f3mese [&hellip;]\" \/>\n<meta property=\"og:url\" content=\"https:\/\/evolutiongroup.digital\/es\/promo\/iab-forum-2022-thank-you-page\/\" \/>\n<meta property=\"og:site_name\" content=\"EVOLUTION GROUP\" \/>\n<meta property=\"article:modified_time\" content=\"2022-11-11T15:55:00+00:00\" \/>\n<meta property=\"og:image\" content=\"https:\/\/evolutiongroup.digital\/wp-content\/uploads\/2022\/07\/EVOLUTION-GROUP-Social-Sharing.jpg\" \/>\n\t<meta property=\"og:image:width\" content=\"1200\" \/>\n\t<meta property=\"og:image:height\" content=\"800\" \/>\n\t<meta property=\"og:image:type\" content=\"image\/jpeg\" \/>\n<meta name=\"twitter:card\" content=\"summary_large_image\" \/>\n<meta name=\"twitter:label1\" content=\"Tiempo de lectura\" \/>\n\t<meta name=\"twitter:data1\" content=\"2 minutos\" \/>\n<script type=\"application\/ld+json\" class=\"yoast-schema-graph\">{\"@context\":\"https:\/\/schema.org\",\"@graph\":[{\"@type\":\"WebPage\",\"@id\":\"https:\/\/evolutiongroup.digital\/es\/promo\/iab-forum-2022-thank-you-page\/\",\"url\":\"https:\/\/evolutiongroup.digital\/es\/promo\/iab-forum-2022-thank-you-page\/\",\"name\":\"IAB Forum 2022 Thank You Page - EVOLUTION GROUP\",\"isPartOf\":{\"@id\":\"https:\/\/evolutiongroup.digital\/#website\"},\"primaryImageOfPage\":{\"@id\":\"https:\/\/evolutiongroup.digital\/es\/promo\/iab-forum-2022-thank-you-page\/#primaryimage\"},\"image\":{\"@id\":\"https:\/\/evolutiongroup.digital\/es\/promo\/iab-forum-2022-thank-you-page\/#primaryimage\"},\"thumbnailUrl\":\"https:\/\/evolutiongroup.digital\/wp-content\/uploads\/2022\/07\/EVOLUTION-GROUP-Social-Sharing.jpg\",\"datePublished\":\"2022-10-31T16:45:56+00:00\",\"dateModified\":\"2022-11-11T15:55:00+00:00\",\"breadcrumb\":{\"@id\":\"https:\/\/evolutiongroup.digital\/es\/promo\/iab-forum-2022-thank-you-page\/#breadcrumb\"},\"inLanguage\":\"es\",\"potentialAction\":[{\"@type\":\"ReadAction\",\"target\":[\"https:\/\/evolutiongroup.digital\/es\/promo\/iab-forum-2022-thank-you-page\/\"]}]},{\"@type\":\"ImageObject\",\"inLanguage\":\"es\",\"@id\":\"https:\/\/evolutiongroup.digital\/es\/promo\/iab-forum-2022-thank-you-page\/#primaryimage\",\"url\":\"https:\/\/evolutiongroup.digital\/wp-content\/uploads\/2022\/07\/EVOLUTION-GROUP-Social-Sharing.jpg\",\"contentUrl\":\"https:\/\/evolutiongroup.digital\/wp-content\/uploads\/2022\/07\/EVOLUTION-GROUP-Social-Sharing.jpg\",\"width\":1200,\"height\":800},{\"@type\":\"BreadcrumbList\",\"@id\":\"https:\/\/evolutiongroup.digital\/es\/promo\/iab-forum-2022-thank-you-page\/#breadcrumb\",\"itemListElement\":[{\"@type\":\"ListItem\",\"position\":1,\"name\":\"Home\",\"item\":\"https:\/\/evolutiongroup.digital\/es\/\"},{\"@type\":\"ListItem\",\"position\":2,\"name\":\"Promo\",\"item\":\"https:\/\/evolutiongroup.digital\/es\/promo\/\"},{\"@type\":\"ListItem\",\"position\":3,\"name\":\"IAB Forum 2022 Thank You Page\"}]},{\"@type\":\"WebSite\",\"@id\":\"https:\/\/evolutiongroup.digital\/#website\",\"url\":\"https:\/\/evolutiongroup.digital\/\",\"name\":\"Evolution Group\",\"description\":\"Your Story, Your Success. TRUST\",\"publisher\":{\"@id\":\"https:\/\/evolutiongroup.digital\/#organization\"},\"alternateName\":\"Evolution Group\",\"potentialAction\":[{\"@type\":\"SearchAction\",\"target\":{\"@type\":\"EntryPoint\",\"urlTemplate\":\"https:\/\/evolutiongroup.digital\/?s={search_term_string}\"},\"query-input\":{\"@type\":\"PropertyValueSpecification\",\"valueRequired\":true,\"valueName\":\"search_term_string\"}}],\"inLanguage\":\"es\"},{\"@type\":\"Organization\",\"@id\":\"https:\/\/evolutiongroup.digital\/#organization\",\"name\":\"Evolution Group\",\"alternateName\":\"Evolution Group\",\"url\":\"https:\/\/evolutiongroup.digital\/\",\"logo\":{\"@type\":\"ImageObject\",\"inLanguage\":\"es\",\"@id\":\"https:\/\/evolutiongroup.digital\/#\/schema\/logo\/image\/\",\"url\":\"http:\/\/evolutiongroup.digital\/wp-content\/uploads\/2022\/06\/logo-evolutiongroup-black.svg\",\"contentUrl\":\"http:\/\/evolutiongroup.digital\/wp-content\/uploads\/2022\/06\/logo-evolutiongroup-black.svg\",\"width\":372,\"height\":39,\"caption\":\"Evolution Group\"},\"image\":{\"@id\":\"https:\/\/evolutiongroup.digital\/#\/schema\/logo\/image\/\"},\"sameAs\":[\"https:\/\/www.linkedin.com\/company\/evolutiongroupdigital\/\"]}]}<\/script>\n<!-- \/ Yoast SEO plugin. -->","yoast_head_json":{"title":"IAB Forum 2022 Thank You Page - EVOLUTION GROUP","robots":{"index":"index","follow":"follow","max-snippet":"max-snippet:-1","max-image-preview":"max-image-preview:large","max-video-preview":"max-video-preview:-1"},"canonical":"https:\/\/evolutiongroup.digital\/es\/promo\/iab-forum-2022-thank-you-page\/","og_locale":"es_ES","og_type":"article","og_title":"IAB Forum 2022 Thank You Page - EVOLUTION GROUP","og_description":"\u00a1Gracias! Hemos recibido sus datos y nos tomamos un momento para responderle. Si no tiene noticias nuestras de inmediato, no se preocupe. Gestionamos una red de m\u00e1s de 350 editores premium, por lo que tenemos que analizar mejor las propuestas que recibimos. \u00bfNos conociste en el IAB Forum? Eche un vistazo a la presentaci\u00f3n, t\u00f3mese [&hellip;]","og_url":"https:\/\/evolutiongroup.digital\/es\/promo\/iab-forum-2022-thank-you-page\/","og_site_name":"EVOLUTION GROUP","article_modified_time":"2022-11-11T15:55:00+00:00","og_image":[{"width":1200,"height":800,"url":"https:\/\/evolutiongroup.digital\/wp-content\/uploads\/2022\/07\/EVOLUTION-GROUP-Social-Sharing.jpg","type":"image\/jpeg"}],"twitter_card":"summary_large_image","twitter_misc":{"Tiempo de lectura":"2 minutos"},"schema":{"@context":"https:\/\/schema.org","@graph":[{"@type":"WebPage","@id":"https:\/\/evolutiongroup.digital\/es\/promo\/iab-forum-2022-thank-you-page\/","url":"https:\/\/evolutiongroup.digital\/es\/promo\/iab-forum-2022-thank-you-page\/","name":"IAB Forum 2022 Thank You Page - EVOLUTION GROUP","isPartOf":{"@id":"https:\/\/evolutiongroup.digital\/#website"},"primaryImageOfPage":{"@id":"https:\/\/evolutiongroup.digital\/es\/promo\/iab-forum-2022-thank-you-page\/#primaryimage"},"image":{"@id":"https:\/\/evolutiongroup.digital\/es\/promo\/iab-forum-2022-thank-you-page\/#primaryimage"},"thumbnailUrl":"https:\/\/evolutiongroup.digital\/wp-content\/uploads\/2022\/07\/EVOLUTION-GROUP-Social-Sharing.jpg","datePublished":"2022-10-31T16:45:56+00:00","dateModified":"2022-11-11T15:55:00+00:00","breadcrumb":{"@id":"https:\/\/evolutiongroup.digital\/es\/promo\/iab-forum-2022-thank-you-page\/#breadcrumb"},"inLanguage":"es","potentialAction":[{"@type":"ReadAction","target":["https:\/\/evolutiongroup.digital\/es\/promo\/iab-forum-2022-thank-you-page\/"]}]},{"@type":"ImageObject","inLanguage":"es","@id":"https:\/\/evolutiongroup.digital\/es\/promo\/iab-forum-2022-thank-you-page\/#primaryimage","url":"https:\/\/evolutiongroup.digital\/wp-content\/uploads\/2022\/07\/EVOLUTION-GROUP-Social-Sharing.jpg","contentUrl":"https:\/\/evolutiongroup.digital\/wp-content\/uploads\/2022\/07\/EVOLUTION-GROUP-Social-Sharing.jpg","width":1200,"height":800},{"@type":"BreadcrumbList","@id":"https:\/\/evolutiongroup.digital\/es\/promo\/iab-forum-2022-thank-you-page\/#breadcrumb","itemListElement":[{"@type":"ListItem","position":1,"name":"Home","item":"https:\/\/evolutiongroup.digital\/es\/"},{"@type":"ListItem","position":2,"name":"Promo","item":"https:\/\/evolutiongroup.digital\/es\/promo\/"},{"@type":"ListItem","position":3,"name":"IAB Forum 2022 Thank You Page"}]},{"@type":"WebSite","@id":"https:\/\/evolutiongroup.digital\/#website","url":"https:\/\/evolutiongroup.digital\/","name":"Evolution Group","description":"Your Story, Your Success. TRUST","publisher":{"@id":"https:\/\/evolutiongroup.digital\/#organization"},"alternateName":"Evolution Group","potentialAction":[{"@type":"SearchAction","target":{"@type":"EntryPoint","urlTemplate":"https:\/\/evolutiongroup.digital\/?s={search_term_string}"},"query-input":{"@type":"PropertyValueSpecification","valueRequired":true,"valueName":"search_term_string"}}],"inLanguage":"es"},{"@type":"Organization","@id":"https:\/\/evolutiongroup.digital\/#organization","name":"Evolution Group","alternateName":"Evolution Group","url":"https:\/\/evolutiongroup.digital\/","logo":{"@type":"ImageObject","inLanguage":"es","@id":"https:\/\/evolutiongroup.digital\/#\/schema\/logo\/image\/","url":"http:\/\/evolutiongroup.digital\/wp-content\/uploads\/2022\/06\/logo-evolutiongroup-black.svg","contentUrl":"http:\/\/evolutiongroup.digital\/wp-content\/uploads\/2022\/06\/logo-evolutiongroup-black.svg","width":372,"height":39,"caption":"Evolution Group"},"image":{"@id":"https:\/\/evolutiongroup.digital\/#\/schema\/logo\/image\/"},"sameAs":["https:\/\/www.linkedin.com\/company\/evolutiongroupdigital\/"]}]}},"_links":{"self":[{"href":"https:\/\/evolutiongroup.digital\/es\/wp-json\/wp\/v2\/pages\/2519","targetHints":{"allow":["GET"]}}],"collection":[{"href":"https:\/\/evolutiongroup.digital\/es\/wp-json\/wp\/v2\/pages"}],"about":[{"href":"https:\/\/evolutiongroup.digital\/es\/wp-json\/wp\/v2\/types\/page"}],"author":[{"embeddable":true,"href":"https:\/\/evolutiongroup.digital\/es\/wp-json\/wp\/v2\/users\/1"}],"replies":[{"embeddable":true,"href":"https:\/\/evolutiongroup.digital\/es\/wp-json\/wp\/v2\/comments?post=2519"}],"version-history":[{"count":2,"href":"https:\/\/evolutiongroup.digital\/es\/wp-json\/wp\/v2\/pages\/2519\/revisions"}],"predecessor-version":[{"id":2525,"href":"https:\/\/evolutiongroup.digital\/es\/wp-json\/wp\/v2\/pages\/2519\/revisions\/2525"}],"up":[{"embeddable":true,"href":"https:\/\/evolutiongroup.digital\/es\/wp-json\/wp\/v2\/pages\/2184"}],"wp:featuredmedia":[{"embeddable":true,"href":"https:\/\/evolutiongroup.digital\/es\/wp-json\/wp\/v2\/media\/1189"}],"wp:attachment":[{"href":"https:\/\/evolutiongroup.digital\/es\/wp-json\/wp\/v2\/media?parent=2519"}],"curies":[{"name":"wp","href":"https:\/\/api.w.org\/{rel}","templated":true}]}}