{"id":1054,"date":"2022-04-12T14:33:37","date_gmt":"2022-04-12T12:33:37","guid":{"rendered":"http:\/\/evolutiongroup.digital\/privacy-policy-2\/"},"modified":"2022-07-30T17:34:28","modified_gmt":"2022-07-30T15:34:28","slug":"privacy-policy","status":"publish","type":"page","link":"https:\/\/evolutiongroup.digital\/it\/privacy-policy\/","title":{"rendered":"Privacy Policy"},"content":{"rendered":"\n<h5 class=\"wp-block-heading\"><strong>INFORMATIVA RESA AI SENSI DEGLI ARTICOLI 13-14 DEL GDPR 2016\/679 (GENERAL DATA PROTECTION REGULATION)<\/strong><\/h5>\n\n\n\n<p>In ottemperanza a previsto dal Regolamento Europeo per la protezione dei dati personali UE 2016\/679<\/p>\n\n\n\n<p>(in seguito \u201cGDPR\u201d), forniamo le dovute informazioni in ordine al trattamento dei dati personali sul nostro sito.<\/p>\n\n\n\n<p>La presente Informativa si intende resa per il sito http:\/\/evolutiongroup.digital\/ (d\u2019ora in avanti: \u201cSito\u201d) e <\/p>\n\n\n\n<p>costituisce parte integrante del Sito e dei servizi che offriamo.<\/p>\n\n\n\n<p>La presente informativa \u00e8 resa ai sensi dell\u2019art.13 del Regolamento, a coloro che interagiscono con i servizi web del Sito e del Titolare, sia mediante la semplice consultazione che mediante l\u2019utilizzo di specifici servizi messi a disposizione tramite il Sito<\/p>\n\n\n\n<p><strong>IL TITOLARE DEL TRATTAMENTO<\/strong><\/p>\n\n\n\n<p>Il titolare del trattamento dei dati personali \u00e8 Evolution ADV s.r.l. \u2013 P.IVA:14074001000 \u2013 N. Rea: RM-1494334 \u2013 con sede legale in -00187- Roma alla via XX Settembre n.40 \u2013 email <a href=\"mailto:info@evolutiongroup.digital\">info@evolutiongroup.digital<\/a><\/p>\n\n\n\n<p><strong>LUOGO DI TRATTAMENTO DEI DATI<\/strong><\/p>\n\n\n\n<p>I trattamenti connessi ai servizi web di questo sito hanno luogo presso la predetta sede legale, nonch\u00e9 presso le sedi operative e sono curati solo da personale incaricato del trattamento, oppure da eventuali incaricati di operazioni di manutenzione.<\/p>\n\n\n\n<p><strong>DATI PERSONALI OGGETTO DEL TRATTAMENTO <\/strong><\/p>\n\n\n\n<p>A seguito della navigazione del Sito, Evolution ADV tratter\u00e0 i Dati Personali dell\u2019utente nel rispetto della normativa applicabile.<\/p>\n\n\n\n<p>I dati personali forniti dagli utenti che inoltrano specifiche richieste attraverso il modulo o l\u2019indirizzo email presente sul sito sono utilizzati al solo fine di eventualmente eseguire il servizio o la prestazione richiesta e sono comunicati a terzi nel solo caso in cui ci\u00f2 sia a tal fine necessario.<\/p>\n\n\n\n<p><strong>a) Dati di navigazione<\/strong><\/p>\n\n\n\n<p>I sistemi informatici e le procedure software preposte al funzionamento di questo sito Internet acquisiscono, nel corso del loro normale esercizio, alcuni dati personali la cui trasmissione \u00e8 implicita nell\u2019uso dei protocolli di comunicazione di Internet. Si tratta di informazioni che non sono raccolte per essere associate a interessati identificati, ma che per loro stessa natura potrebbero, attraverso elaborazioni ed associazioni con dati detenuti da terzi, permettere di identificare gli utenti.<\/p>\n\n\n\n<p>Questi dati vengono utilizzati al solo fine di ricavare informazioni statistiche anonime sull\u2019uso del sito e per controllarne il corretto funzionamento.<\/p>\n\n\n\n<p><strong>b) Dati forniti volontariamente dall\u2019utente<\/strong><\/p>\n\n\n\n<p>L\u2019invio facoltativo, esplicito e volontario di posta elettronica all\u2019indirizzo indicato su questo sito o l\u2019utilizzo dei moduli di contatto comporta la successiva acquisizione dell\u2019indirizzo del mittente, necessario per rispondere alle richieste, nonch\u00e9 degli eventuali altri dati personali inseriti nella missiva.<\/p>\n\n\n\n<p>Specifiche informative di sintesi verranno progressivamente riportate o visualizzate nelle pagine del sito predisposte per particolari servizi a richiesta.<\/p>\n\n\n\n<p><strong>LE FINALITA\u2019 DEL TRATTAMENTO<\/strong><\/p>\n\n\n\n<p>I dati degli utenti sono trattati per poter rispondere alle richieste espressamente avanzate dagli stessi. In particolare, tutte le attivit\u00e0 di raccolta e successivo trattamento dei dati sono finalizzate al perseguimento dei seguenti scopi:<\/p>\n\n\n\n<p>a) registrazione al sito;<\/p>\n\n\n\n<p>b) iscrizione a newsletter via email;<\/p>\n\n\n\n<p>c) esecuzione del contratto avente ad oggetto la fornitura del servizio\/prodotto richiesto;<\/p>\n\n\n\n<p>d) condivisione di contenuti presenti sul sito;<\/p>\n\n\n\n<p>e) gestione delle relazioni con i clienti;<\/p>\n\n\n\n<p>f) richiesta generica di informazioni;<\/p>\n\n\n\n<p>g) partecipazione ad eventuali iniziative promozionali dedicate alla clientela nuova o gi\u00e0 registrata;<\/p>\n\n\n\n<p>h) finalit\u00e0 di ricerche\/analisi statistiche su dati aggregati o anonimi, senza dunque possibilit\u00e0 di identificare l\u2019utente, volti a misurare il funzionamento del sito;<\/p>\n\n\n\n<p>i) adempimento degli obblighi previsti in ambito fiscale e contabile.<\/p>\n\n\n\n<p><strong>MODALITA\u2019 DEL TRATTAMENTO<\/strong><\/p>\n\n\n\n<p>Il trattamento dei dati viene eseguito mediante strumenti cartacei, elettronici e\/o informatici.<\/p>\n\n\n\n<p>Il Titolare adotta tutte le opportune misure di sicurezza volte ad impedire l\u2019accesso, la divulgazione, la modifica o la distruzione non autorizzati dei Dati Personali.<\/p>\n\n\n\n<p>I dati saranno trattati con modalit\u00e0 organizzative e logiche strettamente correlate alle finalit\u00e0 per le quali essi sono stati raccolti e nel rispetto delle vigenti norme di sicurezza, per le finalit\u00e0 suindicate o specificate di volta in volta nelle ulteriori eventuali informative presentate all\u2019utente.<\/p>\n\n\n\n<p><strong>BASE GIURIDICA DEL TRATTAMENTO<\/strong><\/p>\n\n\n\n<p>Il Titolare tratta i Dati Personali relativi all\u2019Utente in caso sussista una delle seguenti condizioni:<\/p>\n\n\n\n<ul class=\"wp-block-list\"><li>l\u2019Utente ha prestato il consenso per una o pi\u00f9 finalit\u00e0 specifiche; <\/li><li>il trattamento \u00e8 necessario all&#8217;esecuzione di un contratto con l\u2019Utente e\/o all&#8217;esecuzione di misure precontrattuali;<\/li><li>il trattamento \u00e8 necessario per adempiere un obbligo legale al quale \u00e8 soggetto il Titolare;<\/li><li>il trattamento \u00e8 necessario per l&#8217;esecuzione di un compito di interesse pubblico o per l&#8217;esercizio di pubblici poteri di cui \u00e8 investito il Titolare;<\/li><li>il trattamento \u00e8 necessario per il perseguimento del legittimo interesse del Titolare o di terzi.<\/li><\/ul>\n\n\n\n<p>\u00c8 comunque sempre possibile richiedere al Titolare di chiarire la concreta base giuridica di ciascun trattamento ed in particolare di specificare se il trattamento sia basato sulla legge, sia previsto da un contratto o necessario per concludere un contratto.<\/p>\n\n\n\n<p><strong>CONFERIMENTO DEI DATI<\/strong><\/p>\n\n\n\n<p>La modulistica da compilare prevista su questo sito contempla sia dati obbligatori &#8211; la cui mancata indicazione non consente di dar corso alla richiesta &#8211; sia dati di conferimento facoltativo che non sono strettamente necessari per dar corso alla richiesta.<\/p>\n\n\n\n<p><strong>COMUNICAZIONE E DIFFUSIONE DEI DATI<\/strong><\/p>\n\n\n\n<p>I dati personali forniti potranno essere comunicati a terzi esclusivamente nel caso in cui la comunicazione sia necessaria per ottemperare alle richieste degli utenti\/visitatori medesimi o per obbligo di legge.<\/p>\n\n\n\n<p>I soggetti terzi agiranno quali autonomi titolari del trattamento erogando servizi strumentali a soddisfare la richiesta dell\u2019utente interessato (ad esempio, fornitori di servizi tecnici terzi, corrieri postali, hosting provider,) o ai quali la comunicazione dei dati \u00e8 necessaria per ottemperare a norme di legge o regolamenti.<\/p>\n\n\n\n<p>Sono altres\u00ec destinatari dei dati raccolti e, pertanto, tratteranno per conto del Titolare tali dati, i seguenti soggetti, ai sensi dell&#8217;art. 28 del Regolamento, quali Responsabili del trattamento:<\/p>\n\n\n\n<p>\u2022 Commercialista relativamente agli obblighi previsti in ambito fiscale e contabile <\/p>\n\n\n\n<p>\u2022 Consulenti e liberi professionisti in forma singola o associata <\/p>\n\n\n\n<p>\u2022 E-mail provider<\/p>\n\n\n\n<p>\u2022 Istituti assicurativi<\/p>\n\n\n\n<p>\u2022 Istituti bancari<\/p>\n\n\n\n<p>\u2022 PEC Provider<\/p>\n\n\n\n<p>\u2022 Societ\u00e0 di consulenza in materia di igiene e sicurezza del lavoro <\/p>\n\n\n\n<p>\u2022 Societ\u00e0 di consulenza in materia di Privacy Potrebbero essere destinatari dei dati, altres\u00ec, avvocati che erogano prestazioni funzionali ai fini sopra indicati.<\/p>\n\n\n\n<p>L\u2019elenco aggiornato dei Responsabili potr\u00e0 sempre essere richiesto al Titolare del Trattamento.<\/p>\n\n\n\n<p>Inoltre, i Suoi dati potranno essere comunicati a soggetti esterni quali, a titolo esemplificativo e non esaustivo, autorit\u00e0 e organi di vigilanza e controllo e, in generale, soggetti pubblici o privati, legittimati a richiedere i dati (es. Agenzia dell\u2019Entrate, Guardia di Finanza).<\/p>\n\n\n\n<p><strong>SOGGETTI AUTORIZZATI <\/strong><\/p>\n\n\n\n<p>I dati personali raccolti saranno altres\u00ec trattati dai soggetti autorizzati interni che agiscono sulla base di specifiche istruzioni fornite in ordine a finalit\u00e0 e modalit\u00e0 del trattamento medesimo.<\/p>\n\n\n\n<p><strong>PERIODO DI CONSERVAZIONE<\/strong><\/p>\n\n\n\n<p>I Dati sono trattati e conservati per il tempo richiesto dalle finalit\u00e0 per le quali sono stati raccolti.<\/p>\n\n\n\n<p>I dati saranno conservati, in ogni caso, fino alla richiesta di cancellazione, fatti salvi gli obblighi di legge correlati che prevedano un termine pi\u00f9 lungo di conservazione nel rispetto delle normative vigenti.<\/p>\n\n\n\n<p>Al termine del periodo di conservazione i Dati Personali saranno cancellati. Pertanto, allo spirare di tale termine il diritto di accesso, cancellazione, rettificazione ed il diritto alla portabilit\u00e0 dei Dati non potranno pi\u00f9 essere esercitati.<\/p>\n\n\n\n<p><strong>DIRITTI DEGLI INTERESSATI<\/strong><\/p>\n\n\n\n<p>Gli utenti, in ogni momento, potranno esercitare, ai sensi degli articoli dal 15 al 22 del Regolamento UE n. 2016\/679, il diritto di:<\/p>\n\n\n\n<p>a) chiedere la conferma dell\u2019esistenza o meno di propri dati personali; <\/p>\n\n\n\n<p>b) ottenere le indicazioni circa le finalit\u00e0 del trattamento, le categorie dei dati personali, i destinatari o le categorie di destinatari a cui i dati personali sono stati o saranno comunicati e, quando possibile, il periodo di conservazione; <\/p>\n\n\n\n<p>c) ottenere la rettifica e la cancellazione dei dati; <\/p>\n\n\n\n<p>d) ottenere la limitazione del trattamento; <\/p>\n\n\n\n<p>e) ottenere la portabilit\u00e0 dei dati, ossia riceverli da un titolare del trattamento, in un formato strutturato, di uso comune e leggibile da dispositivo automatico, e trasmetterli ad un altro titolare del trattamento senza impedimenti;<\/p>\n\n\n\n<p>f) opporsi al trattamento in qualsiasi momento ed anche nel caso di trattamento per finalit\u00e0 di marketing diretto; <\/p>\n\n\n\n<p>g) opporsi ad un processo decisionale automatizzato relativo alle persone fisiche, compresa la profilazione; h) chiedere al titolare del trattamento l\u2019accesso ai dati personali e la rettifica o la cancellazione degli stessi o la limitazione del trattamento che lo riguardano o di opporsi al loro trattamento, oltre al diritto alla portabilit\u00e0 dei dati; <\/p>\n\n\n\n<p>i) revocare il consenso in qualsiasi momento senza pregiudicare la liceit\u00e0 del trattamento basata sul consenso prestato prima della revoca;<\/p>\n\n\n\n<p>Gli utenti potranno esercitare i propri diritti con richiesta scritta presentata contattando il Titolare tramite PEC all\u2019indirizzo <a href=\"mailto:evolutionadv@pec.it\">evolutionadv@pec.it<\/a> , e-mail all&#8217;indirizzo <a href=\"mailto:privacy@evolutionadv.it\">privacy@evolutionadv.it<\/a> o lettera raccomandata a\/r all\u2019indirizzo Via XX Settembre n.40 &#8211; 00187 Roma.<\/p>\n\n\n\n<p>L\u2019utente, inoltre, potr\u00e0 proporre reclamo all\u2019autorit\u00e0 di controllo competente ex articolo 77 del Regolamento (Garante per la Protezione dei Dati Personali <a href=\"http:\/\/www.garanteprivacy.it\">www.garanteprivacy.it<\/a> ) ai sensi dell\u2019art. 77 del Regolamento, qualora ritenga che il trattamento dei dati sia contrario alla normativa in vigore. <\/p>\n","protected":false},"excerpt":{"rendered":"<p>INFORMATIVA RESA AI SENSI DEGLI ARTICOLI 13-14 DEL GDPR 2016\/679 (GENERAL DATA PROTECTION REGULATION) In ottemperanza a previsto dal Regolamento Europeo per la protezione dei dati personali UE 2016\/679 (in seguito \u201cGDPR\u201d), forniamo le dovute informazioni in ordine al trattamento dei dati personali sul nostro sito. La presente Informativa si intende resa per il sito [&hellip;]<\/p>\n","protected":false},"author":1,"featured_media":0,"parent":0,"menu_order":78,"comment_status":"closed","ping_status":"open","template":"template_page\/privacy.php","meta":{"_acf_changed":false,"inline_featured_image":false,"footnotes":""},"class_list":["post-1054","page","type-page","status-publish","hentry"],"acf":[],"yoast_head":"<!-- This site is optimized with the Yoast SEO plugin v26.3 - https:\/\/yoast.com\/wordpress\/plugins\/seo\/ -->\n<title>Privacy Policy - EVOLUTION GROUP<\/title>\n<meta name=\"robots\" content=\"index, follow, max-snippet:-1, max-image-preview:large, max-video-preview:-1\" \/>\n<link rel=\"canonical\" href=\"https:\/\/evolutiongroup.digital\/it\/privacy-policy\/\" \/>\n<meta property=\"og:locale\" content=\"it_IT\" \/>\n<meta property=\"og:type\" content=\"article\" \/>\n<meta property=\"og:title\" content=\"Privacy Policy - EVOLUTION GROUP\" \/>\n<meta property=\"og:description\" content=\"INFORMATIVA RESA AI SENSI DEGLI ARTICOLI 13-14 DEL GDPR 2016\/679 (GENERAL DATA PROTECTION REGULATION) In ottemperanza a previsto dal Regolamento Europeo per la protezione dei dati personali UE 2016\/679 (in seguito \u201cGDPR\u201d), forniamo le dovute informazioni in ordine al trattamento dei dati personali sul nostro sito. La presente Informativa si intende resa per il sito [&hellip;]\" \/>\n<meta property=\"og:url\" content=\"https:\/\/evolutiongroup.digital\/it\/privacy-policy\/\" \/>\n<meta property=\"og:site_name\" content=\"EVOLUTION GROUP\" \/>\n<meta property=\"article:modified_time\" content=\"2022-07-30T15:34:28+00:00\" \/>\n<meta name=\"twitter:card\" content=\"summary_large_image\" \/>\n<meta name=\"twitter:label1\" content=\"Tempo di lettura stimato\" \/>\n\t<meta name=\"twitter:data1\" content=\"8 minuti\" \/>\n<script type=\"application\/ld+json\" class=\"yoast-schema-graph\">{\"@context\":\"https:\/\/schema.org\",\"@graph\":[{\"@type\":\"WebPage\",\"@id\":\"https:\/\/evolutiongroup.digital\/it\/privacy-policy\/\",\"url\":\"https:\/\/evolutiongroup.digital\/it\/privacy-policy\/\",\"name\":\"Privacy Policy - EVOLUTION GROUP\",\"isPartOf\":{\"@id\":\"https:\/\/evolutiongroup.digital\/#website\"},\"datePublished\":\"2022-04-12T12:33:37+00:00\",\"dateModified\":\"2022-07-30T15:34:28+00:00\",\"breadcrumb\":{\"@id\":\"https:\/\/evolutiongroup.digital\/it\/privacy-policy\/#breadcrumb\"},\"inLanguage\":\"it-IT\",\"potentialAction\":[{\"@type\":\"ReadAction\",\"target\":[\"https:\/\/evolutiongroup.digital\/it\/privacy-policy\/\"]}]},{\"@type\":\"BreadcrumbList\",\"@id\":\"https:\/\/evolutiongroup.digital\/it\/privacy-policy\/#breadcrumb\",\"itemListElement\":[{\"@type\":\"ListItem\",\"position\":1,\"name\":\"Home\",\"item\":\"https:\/\/evolutiongroup.digital\/it\/\"},{\"@type\":\"ListItem\",\"position\":2,\"name\":\"Privacy Policy\"}]},{\"@type\":\"WebSite\",\"@id\":\"https:\/\/evolutiongroup.digital\/#website\",\"url\":\"https:\/\/evolutiongroup.digital\/\",\"name\":\"Evolution Group\",\"description\":\"Your Story, Your Success. TRUST\",\"publisher\":{\"@id\":\"https:\/\/evolutiongroup.digital\/#organization\"},\"alternateName\":\"Evolution Group\",\"potentialAction\":[{\"@type\":\"SearchAction\",\"target\":{\"@type\":\"EntryPoint\",\"urlTemplate\":\"https:\/\/evolutiongroup.digital\/?s={search_term_string}\"},\"query-input\":{\"@type\":\"PropertyValueSpecification\",\"valueRequired\":true,\"valueName\":\"search_term_string\"}}],\"inLanguage\":\"it-IT\"},{\"@type\":\"Organization\",\"@id\":\"https:\/\/evolutiongroup.digital\/#organization\",\"name\":\"Evolution Group\",\"alternateName\":\"Evolution Group\",\"url\":\"https:\/\/evolutiongroup.digital\/\",\"logo\":{\"@type\":\"ImageObject\",\"inLanguage\":\"it-IT\",\"@id\":\"https:\/\/evolutiongroup.digital\/#\/schema\/logo\/image\/\",\"url\":\"http:\/\/evolutiongroup.digital\/wp-content\/uploads\/2022\/06\/logo-evolutiongroup-black.svg\",\"contentUrl\":\"http:\/\/evolutiongroup.digital\/wp-content\/uploads\/2022\/06\/logo-evolutiongroup-black.svg\",\"width\":372,\"height\":39,\"caption\":\"Evolution Group\"},\"image\":{\"@id\":\"https:\/\/evolutiongroup.digital\/#\/schema\/logo\/image\/\"},\"sameAs\":[\"https:\/\/www.linkedin.com\/company\/evolutiongroupdigital\/\"]}]}<\/script>\n<!-- \/ Yoast SEO plugin. -->","yoast_head_json":{"title":"Privacy Policy - EVOLUTION GROUP","robots":{"index":"index","follow":"follow","max-snippet":"max-snippet:-1","max-image-preview":"max-image-preview:large","max-video-preview":"max-video-preview:-1"},"canonical":"https:\/\/evolutiongroup.digital\/it\/privacy-policy\/","og_locale":"it_IT","og_type":"article","og_title":"Privacy Policy - EVOLUTION GROUP","og_description":"INFORMATIVA RESA AI SENSI DEGLI ARTICOLI 13-14 DEL GDPR 2016\/679 (GENERAL DATA PROTECTION REGULATION) In ottemperanza a previsto dal Regolamento Europeo per la protezione dei dati personali UE 2016\/679 (in seguito \u201cGDPR\u201d), forniamo le dovute informazioni in ordine al trattamento dei dati personali sul nostro sito. La presente Informativa si intende resa per il sito [&hellip;]","og_url":"https:\/\/evolutiongroup.digital\/it\/privacy-policy\/","og_site_name":"EVOLUTION GROUP","article_modified_time":"2022-07-30T15:34:28+00:00","twitter_card":"summary_large_image","twitter_misc":{"Tempo di lettura stimato":"8 minuti"},"schema":{"@context":"https:\/\/schema.org","@graph":[{"@type":"WebPage","@id":"https:\/\/evolutiongroup.digital\/it\/privacy-policy\/","url":"https:\/\/evolutiongroup.digital\/it\/privacy-policy\/","name":"Privacy Policy - EVOLUTION GROUP","isPartOf":{"@id":"https:\/\/evolutiongroup.digital\/#website"},"datePublished":"2022-04-12T12:33:37+00:00","dateModified":"2022-07-30T15:34:28+00:00","breadcrumb":{"@id":"https:\/\/evolutiongroup.digital\/it\/privacy-policy\/#breadcrumb"},"inLanguage":"it-IT","potentialAction":[{"@type":"ReadAction","target":["https:\/\/evolutiongroup.digital\/it\/privacy-policy\/"]}]},{"@type":"BreadcrumbList","@id":"https:\/\/evolutiongroup.digital\/it\/privacy-policy\/#breadcrumb","itemListElement":[{"@type":"ListItem","position":1,"name":"Home","item":"https:\/\/evolutiongroup.digital\/it\/"},{"@type":"ListItem","position":2,"name":"Privacy Policy"}]},{"@type":"WebSite","@id":"https:\/\/evolutiongroup.digital\/#website","url":"https:\/\/evolutiongroup.digital\/","name":"Evolution Group","description":"Your Story, Your Success. TRUST","publisher":{"@id":"https:\/\/evolutiongroup.digital\/#organization"},"alternateName":"Evolution Group","potentialAction":[{"@type":"SearchAction","target":{"@type":"EntryPoint","urlTemplate":"https:\/\/evolutiongroup.digital\/?s={search_term_string}"},"query-input":{"@type":"PropertyValueSpecification","valueRequired":true,"valueName":"search_term_string"}}],"inLanguage":"it-IT"},{"@type":"Organization","@id":"https:\/\/evolutiongroup.digital\/#organization","name":"Evolution Group","alternateName":"Evolution Group","url":"https:\/\/evolutiongroup.digital\/","logo":{"@type":"ImageObject","inLanguage":"it-IT","@id":"https:\/\/evolutiongroup.digital\/#\/schema\/logo\/image\/","url":"http:\/\/evolutiongroup.digital\/wp-content\/uploads\/2022\/06\/logo-evolutiongroup-black.svg","contentUrl":"http:\/\/evolutiongroup.digital\/wp-content\/uploads\/2022\/06\/logo-evolutiongroup-black.svg","width":372,"height":39,"caption":"Evolution Group"},"image":{"@id":"https:\/\/evolutiongroup.digital\/#\/schema\/logo\/image\/"},"sameAs":["https:\/\/www.linkedin.com\/company\/evolutiongroupdigital\/"]}]}},"_links":{"self":[{"href":"https:\/\/evolutiongroup.digital\/it\/wp-json\/wp\/v2\/pages\/1054","targetHints":{"allow":["GET"]}}],"collection":[{"href":"https:\/\/evolutiongroup.digital\/it\/wp-json\/wp\/v2\/pages"}],"about":[{"href":"https:\/\/evolutiongroup.digital\/it\/wp-json\/wp\/v2\/types\/page"}],"author":[{"embeddable":true,"href":"https:\/\/evolutiongroup.digital\/it\/wp-json\/wp\/v2\/users\/1"}],"replies":[{"embeddable":true,"href":"https:\/\/evolutiongroup.digital\/it\/wp-json\/wp\/v2\/comments?post=1054"}],"version-history":[{"count":6,"href":"https:\/\/evolutiongroup.digital\/it\/wp-json\/wp\/v2\/pages\/1054\/revisions"}],"predecessor-version":[{"id":1884,"href":"https:\/\/evolutiongroup.digital\/it\/wp-json\/wp\/v2\/pages\/1054\/revisions\/1884"}],"wp:attachment":[{"href":"https:\/\/evolutiongroup.digital\/it\/wp-json\/wp\/v2\/media?parent=1054"}],"curies":[{"name":"wp","href":"https:\/\/api.w.org\/{rel}","templated":true}]}}