{"id":2702,"date":"2023-10-17T15:39:50","date_gmt":"2023-10-17T13:39:50","guid":{"rendered":"http:\/\/evolutiongroup.digital\/?page_id=2702"},"modified":"2023-10-17T16:09:08","modified_gmt":"2023-10-17T14:09:08","slug":"iab-forum-2023-thank-you-page","status":"publish","type":"page","link":"https:\/\/evolutiongroup.digital\/it\/promo\/iab-forum-2023-thank-you-page\/","title":{"rendered":"IAB Forum 2023 Thank You Page"},"content":{"rendered":"\n<p>Grazie!<\/p>\n\n\n\n<p>Abbiamo ricevuto i tuoi dati e ci stiamo prendendo un attimo per poterti ricontattare.&nbsp;<\/p>\n\n\n\n<p>Se non ci senti subito, non ti preoccupare!<\/p>\n\n\n\n<p>Gestiamo un network formato da +350 editori premium, per questo abbiamo bisogno di analizzare al meglio le proposte che riceviamo.<\/p>\n\n\n\n<div class=\"wp-block-columns are-vertically-aligned-center block-inner-cr b-sky-700 p-3 my-2 is-layout-flex wp-container-core-columns-is-layout-9d6595d7 wp-block-columns-is-layout-flex\">\n<div class=\"wp-block-column is-vertically-aligned-center is-layout-flow wp-block-column-is-layout-flow\">\n<h4 class=\"wp-block-heading\"><strong>Ci hai conosciuti allo IAB Forum?<\/strong><\/h4>\n\n\n\n<p>La nostra presentazione contiene poche informazioni, quanto basta per farti capire il tema di quest\u2019anno:<\/p>\n\n\n\n<p>Total TV: La definizione di audience \u00e8 cambiata, la TV \u00e8 pi\u00f9 viva che mai<\/p>\n\n\n\n<p>La TV intesa come scatola di contenuti \u00e8 pi\u00f9 viva che mai, ci\u00f2 che \u00e8 cambiato \u00e8 la definizione stessa di audience, sempre meno identificata con device e palinsesti definiti. Come avviene in tutti i momenti di cambiamento emergono le opportunit\u00e0 migliori. Al tempo della total audience, i media nazionali hanno un alleato nuovo e inaspettato nella corsa all\u2019audience televisiva: gli editori digitali.<\/p>\n\n\n\n<p>E tu cosa ne pensi?<br>Faccelo sapere su <a href=\"https:\/\/www.linkedin.com\/company\/evolutiongroupdigital\">Linkedin<\/a>!<\/p>\n<\/div>\n\n\n\n<div class=\"wp-block-column is-vertically-aligned-center is-layout-flow wp-block-column-is-layout-flow\">\n<iframe loading=\"lazy\" src=\"https:\/\/docs.google.com\/presentation\/d\/e\/2PACX-1vTABK7e63vKw2Z6NAycxS-CbAn2BNUDVSQ8x5ZhJ5JpdL8_j4-rgroZEtsObtUWyabdLV3uFnimbAeS\/embed?start=false&#038;loop=false&#038;delayms=3000\" frameborder=\"0\" width=\"1920\" height=\"1109\" allowfullscreen=\"true\" mozallowfullscreen=\"true\" webkitallowfullscreen=\"true\"><\/iframe>\n<\/div>\n<\/div>\n\n\n\n<p>Nel frattempo \u2026 lo sapevi che abbiamo aperto anche una sezione <a href=\"http:\/\/evolutiongroup.digital\/blog\"><strong>blog<\/strong><\/a>?&nbsp;<\/p>\n\n\n\n<p>Trattiamo temi che riguardano il mondo del digital advertising, partendo dalle novit\u00e0 tech, alla monetizzazione, GDPR, audience ecc.&nbsp;<\/p>\n\n\n\n<p>L\u2019intento \u00e8 quello di poter dare la nostra opinione o approfondire temi del settore comunicando con i nostri clienti e colleghi in modo chiaro e comprensibile per tutti.&nbsp;<\/p>\n\n\n\n<p><a href=\"http:\/\/evolutiongroup.digital\/blog\"><strong>Puoi dargli uno sguardo, leggi gli ultimi articoli.<\/strong><\/a><\/p>\n","protected":false},"excerpt":{"rendered":"<p>Grazie! Abbiamo ricevuto i tuoi dati e ci stiamo prendendo un attimo per poterti ricontattare.&nbsp; Se non ci senti subito, non ti preoccupare! Gestiamo un network formato da +350 editori premium, per questo abbiamo bisogno di analizzare al meglio le proposte che riceviamo. Ci hai conosciuti allo IAB Forum? La nostra presentazione contiene poche informazioni, [&hellip;]<\/p>\n","protected":false},"author":1,"featured_media":1186,"parent":2171,"menu_order":16,"comment_status":"closed","ping_status":"closed","template":"template_page\/thankyou-evento.php","meta":{"_acf_changed":false,"inline_featured_image":false,"footnotes":""},"class_list":["post-2702","page","type-page","status-publish","has-post-thumbnail","hentry"],"acf":[],"yoast_head":"<!-- This site is optimized with the Yoast SEO plugin v26.3 - https:\/\/yoast.com\/wordpress\/plugins\/seo\/ -->\n<title>IAB Forum 2023 Thank You Page - EVOLUTION GROUP<\/title>\n<meta name=\"robots\" content=\"index, follow, max-snippet:-1, max-image-preview:large, max-video-preview:-1\" \/>\n<link rel=\"canonical\" href=\"https:\/\/evolutiongroup.digital\/it\/promo\/iab-forum-2023-thank-you-page\/\" \/>\n<meta property=\"og:locale\" content=\"it_IT\" \/>\n<meta property=\"og:type\" content=\"article\" \/>\n<meta property=\"og:title\" content=\"IAB Forum 2023 Thank You Page - EVOLUTION GROUP\" \/>\n<meta property=\"og:description\" content=\"Grazie! Abbiamo ricevuto i tuoi dati e ci stiamo prendendo un attimo per poterti ricontattare.&nbsp; Se non ci senti subito, non ti preoccupare! Gestiamo un network formato da +350 editori premium, per questo abbiamo bisogno di analizzare al meglio le proposte che riceviamo. Ci hai conosciuti allo IAB Forum? La nostra presentazione contiene poche informazioni, [&hellip;]\" \/>\n<meta property=\"og:url\" content=\"https:\/\/evolutiongroup.digital\/it\/promo\/iab-forum-2023-thank-you-page\/\" \/>\n<meta property=\"og:site_name\" content=\"EVOLUTION GROUP\" \/>\n<meta property=\"article:modified_time\" content=\"2023-10-17T14:09:08+00:00\" \/>\n<meta property=\"og:image\" content=\"https:\/\/evolutiongroup.digital\/wp-content\/uploads\/2022\/07\/EVOLUTION-GROUP-Social-Sharing.jpg\" \/>\n\t<meta property=\"og:image:width\" content=\"1200\" \/>\n\t<meta property=\"og:image:height\" content=\"800\" \/>\n\t<meta property=\"og:image:type\" content=\"image\/jpeg\" \/>\n<meta name=\"twitter:card\" content=\"summary_large_image\" \/>\n<meta name=\"twitter:label1\" content=\"Tempo di lettura stimato\" \/>\n\t<meta name=\"twitter:data1\" content=\"2 minuti\" \/>\n<script type=\"application\/ld+json\" class=\"yoast-schema-graph\">{\"@context\":\"https:\/\/schema.org\",\"@graph\":[{\"@type\":\"WebPage\",\"@id\":\"https:\/\/evolutiongroup.digital\/it\/promo\/iab-forum-2023-thank-you-page\/\",\"url\":\"https:\/\/evolutiongroup.digital\/it\/promo\/iab-forum-2023-thank-you-page\/\",\"name\":\"IAB Forum 2023 Thank You Page - EVOLUTION GROUP\",\"isPartOf\":{\"@id\":\"https:\/\/evolutiongroup.digital\/#website\"},\"primaryImageOfPage\":{\"@id\":\"https:\/\/evolutiongroup.digital\/it\/promo\/iab-forum-2023-thank-you-page\/#primaryimage\"},\"image\":{\"@id\":\"https:\/\/evolutiongroup.digital\/it\/promo\/iab-forum-2023-thank-you-page\/#primaryimage\"},\"thumbnailUrl\":\"https:\/\/evolutiongroup.digital\/wp-content\/uploads\/2022\/07\/EVOLUTION-GROUP-Social-Sharing.jpg\",\"datePublished\":\"2023-10-17T13:39:50+00:00\",\"dateModified\":\"2023-10-17T14:09:08+00:00\",\"breadcrumb\":{\"@id\":\"https:\/\/evolutiongroup.digital\/it\/promo\/iab-forum-2023-thank-you-page\/#breadcrumb\"},\"inLanguage\":\"it-IT\",\"potentialAction\":[{\"@type\":\"ReadAction\",\"target\":[\"https:\/\/evolutiongroup.digital\/it\/promo\/iab-forum-2023-thank-you-page\/\"]}]},{\"@type\":\"ImageObject\",\"inLanguage\":\"it-IT\",\"@id\":\"https:\/\/evolutiongroup.digital\/it\/promo\/iab-forum-2023-thank-you-page\/#primaryimage\",\"url\":\"https:\/\/evolutiongroup.digital\/wp-content\/uploads\/2022\/07\/EVOLUTION-GROUP-Social-Sharing.jpg\",\"contentUrl\":\"https:\/\/evolutiongroup.digital\/wp-content\/uploads\/2022\/07\/EVOLUTION-GROUP-Social-Sharing.jpg\",\"width\":1200,\"height\":800},{\"@type\":\"BreadcrumbList\",\"@id\":\"https:\/\/evolutiongroup.digital\/it\/promo\/iab-forum-2023-thank-you-page\/#breadcrumb\",\"itemListElement\":[{\"@type\":\"ListItem\",\"position\":1,\"name\":\"Home\",\"item\":\"https:\/\/evolutiongroup.digital\/it\/\"},{\"@type\":\"ListItem\",\"position\":2,\"name\":\"Promo\",\"item\":\"https:\/\/evolutiongroup.digital\/it\/promo\/\"},{\"@type\":\"ListItem\",\"position\":3,\"name\":\"IAB Forum 2023 Thank You Page\"}]},{\"@type\":\"WebSite\",\"@id\":\"https:\/\/evolutiongroup.digital\/#website\",\"url\":\"https:\/\/evolutiongroup.digital\/\",\"name\":\"Evolution Group\",\"description\":\"Your Story, Your Success. TRUST\",\"publisher\":{\"@id\":\"https:\/\/evolutiongroup.digital\/#organization\"},\"alternateName\":\"Evolution Group\",\"potentialAction\":[{\"@type\":\"SearchAction\",\"target\":{\"@type\":\"EntryPoint\",\"urlTemplate\":\"https:\/\/evolutiongroup.digital\/?s={search_term_string}\"},\"query-input\":{\"@type\":\"PropertyValueSpecification\",\"valueRequired\":true,\"valueName\":\"search_term_string\"}}],\"inLanguage\":\"it-IT\"},{\"@type\":\"Organization\",\"@id\":\"https:\/\/evolutiongroup.digital\/#organization\",\"name\":\"Evolution Group\",\"alternateName\":\"Evolution Group\",\"url\":\"https:\/\/evolutiongroup.digital\/\",\"logo\":{\"@type\":\"ImageObject\",\"inLanguage\":\"it-IT\",\"@id\":\"https:\/\/evolutiongroup.digital\/#\/schema\/logo\/image\/\",\"url\":\"http:\/\/evolutiongroup.digital\/wp-content\/uploads\/2022\/06\/logo-evolutiongroup-black.svg\",\"contentUrl\":\"http:\/\/evolutiongroup.digital\/wp-content\/uploads\/2022\/06\/logo-evolutiongroup-black.svg\",\"width\":372,\"height\":39,\"caption\":\"Evolution Group\"},\"image\":{\"@id\":\"https:\/\/evolutiongroup.digital\/#\/schema\/logo\/image\/\"},\"sameAs\":[\"https:\/\/www.linkedin.com\/company\/evolutiongroupdigital\/\"]}]}<\/script>\n<!-- \/ Yoast SEO plugin. -->","yoast_head_json":{"title":"IAB Forum 2023 Thank You Page - EVOLUTION GROUP","robots":{"index":"index","follow":"follow","max-snippet":"max-snippet:-1","max-image-preview":"max-image-preview:large","max-video-preview":"max-video-preview:-1"},"canonical":"https:\/\/evolutiongroup.digital\/it\/promo\/iab-forum-2023-thank-you-page\/","og_locale":"it_IT","og_type":"article","og_title":"IAB Forum 2023 Thank You Page - EVOLUTION GROUP","og_description":"Grazie! Abbiamo ricevuto i tuoi dati e ci stiamo prendendo un attimo per poterti ricontattare.&nbsp; Se non ci senti subito, non ti preoccupare! Gestiamo un network formato da +350 editori premium, per questo abbiamo bisogno di analizzare al meglio le proposte che riceviamo. Ci hai conosciuti allo IAB Forum? La nostra presentazione contiene poche informazioni, [&hellip;]","og_url":"https:\/\/evolutiongroup.digital\/it\/promo\/iab-forum-2023-thank-you-page\/","og_site_name":"EVOLUTION GROUP","article_modified_time":"2023-10-17T14:09:08+00:00","og_image":[{"width":1200,"height":800,"url":"https:\/\/evolutiongroup.digital\/wp-content\/uploads\/2022\/07\/EVOLUTION-GROUP-Social-Sharing.jpg","type":"image\/jpeg"}],"twitter_card":"summary_large_image","twitter_misc":{"Tempo di lettura stimato":"2 minuti"},"schema":{"@context":"https:\/\/schema.org","@graph":[{"@type":"WebPage","@id":"https:\/\/evolutiongroup.digital\/it\/promo\/iab-forum-2023-thank-you-page\/","url":"https:\/\/evolutiongroup.digital\/it\/promo\/iab-forum-2023-thank-you-page\/","name":"IAB Forum 2023 Thank You Page - EVOLUTION GROUP","isPartOf":{"@id":"https:\/\/evolutiongroup.digital\/#website"},"primaryImageOfPage":{"@id":"https:\/\/evolutiongroup.digital\/it\/promo\/iab-forum-2023-thank-you-page\/#primaryimage"},"image":{"@id":"https:\/\/evolutiongroup.digital\/it\/promo\/iab-forum-2023-thank-you-page\/#primaryimage"},"thumbnailUrl":"https:\/\/evolutiongroup.digital\/wp-content\/uploads\/2022\/07\/EVOLUTION-GROUP-Social-Sharing.jpg","datePublished":"2023-10-17T13:39:50+00:00","dateModified":"2023-10-17T14:09:08+00:00","breadcrumb":{"@id":"https:\/\/evolutiongroup.digital\/it\/promo\/iab-forum-2023-thank-you-page\/#breadcrumb"},"inLanguage":"it-IT","potentialAction":[{"@type":"ReadAction","target":["https:\/\/evolutiongroup.digital\/it\/promo\/iab-forum-2023-thank-you-page\/"]}]},{"@type":"ImageObject","inLanguage":"it-IT","@id":"https:\/\/evolutiongroup.digital\/it\/promo\/iab-forum-2023-thank-you-page\/#primaryimage","url":"https:\/\/evolutiongroup.digital\/wp-content\/uploads\/2022\/07\/EVOLUTION-GROUP-Social-Sharing.jpg","contentUrl":"https:\/\/evolutiongroup.digital\/wp-content\/uploads\/2022\/07\/EVOLUTION-GROUP-Social-Sharing.jpg","width":1200,"height":800},{"@type":"BreadcrumbList","@id":"https:\/\/evolutiongroup.digital\/it\/promo\/iab-forum-2023-thank-you-page\/#breadcrumb","itemListElement":[{"@type":"ListItem","position":1,"name":"Home","item":"https:\/\/evolutiongroup.digital\/it\/"},{"@type":"ListItem","position":2,"name":"Promo","item":"https:\/\/evolutiongroup.digital\/it\/promo\/"},{"@type":"ListItem","position":3,"name":"IAB Forum 2023 Thank You Page"}]},{"@type":"WebSite","@id":"https:\/\/evolutiongroup.digital\/#website","url":"https:\/\/evolutiongroup.digital\/","name":"Evolution Group","description":"Your Story, Your Success. TRUST","publisher":{"@id":"https:\/\/evolutiongroup.digital\/#organization"},"alternateName":"Evolution Group","potentialAction":[{"@type":"SearchAction","target":{"@type":"EntryPoint","urlTemplate":"https:\/\/evolutiongroup.digital\/?s={search_term_string}"},"query-input":{"@type":"PropertyValueSpecification","valueRequired":true,"valueName":"search_term_string"}}],"inLanguage":"it-IT"},{"@type":"Organization","@id":"https:\/\/evolutiongroup.digital\/#organization","name":"Evolution Group","alternateName":"Evolution Group","url":"https:\/\/evolutiongroup.digital\/","logo":{"@type":"ImageObject","inLanguage":"it-IT","@id":"https:\/\/evolutiongroup.digital\/#\/schema\/logo\/image\/","url":"http:\/\/evolutiongroup.digital\/wp-content\/uploads\/2022\/06\/logo-evolutiongroup-black.svg","contentUrl":"http:\/\/evolutiongroup.digital\/wp-content\/uploads\/2022\/06\/logo-evolutiongroup-black.svg","width":372,"height":39,"caption":"Evolution Group"},"image":{"@id":"https:\/\/evolutiongroup.digital\/#\/schema\/logo\/image\/"},"sameAs":["https:\/\/www.linkedin.com\/company\/evolutiongroupdigital\/"]}]}},"_links":{"self":[{"href":"https:\/\/evolutiongroup.digital\/it\/wp-json\/wp\/v2\/pages\/2702","targetHints":{"allow":["GET"]}}],"collection":[{"href":"https:\/\/evolutiongroup.digital\/it\/wp-json\/wp\/v2\/pages"}],"about":[{"href":"https:\/\/evolutiongroup.digital\/it\/wp-json\/wp\/v2\/types\/page"}],"author":[{"embeddable":true,"href":"https:\/\/evolutiongroup.digital\/it\/wp-json\/wp\/v2\/users\/1"}],"replies":[{"embeddable":true,"href":"https:\/\/evolutiongroup.digital\/it\/wp-json\/wp\/v2\/comments?post=2702"}],"version-history":[{"count":4,"href":"https:\/\/evolutiongroup.digital\/it\/wp-json\/wp\/v2\/pages\/2702\/revisions"}],"predecessor-version":[{"id":2709,"href":"https:\/\/evolutiongroup.digital\/it\/wp-json\/wp\/v2\/pages\/2702\/revisions\/2709"}],"up":[{"embeddable":true,"href":"https:\/\/evolutiongroup.digital\/it\/wp-json\/wp\/v2\/pages\/2171"}],"wp:featuredmedia":[{"embeddable":true,"href":"https:\/\/evolutiongroup.digital\/it\/wp-json\/wp\/v2\/media\/1186"}],"wp:attachment":[{"href":"https:\/\/evolutiongroup.digital\/it\/wp-json\/wp\/v2\/media?parent=2702"}],"curies":[{"name":"wp","href":"https:\/\/api.w.org\/{rel}","templated":true}]}}